{"id":1072,"date":"2018-06-27T11:51:12","date_gmt":"2018-06-27T09:51:12","guid":{"rendered":"https:\/\/poe.pravo.upjs.sk\/?page_id=1072"},"modified":"2018-06-27T11:58:37","modified_gmt":"2018-06-27T09:58:37","slug":"registration","status":"publish","type":"page","link":"https:\/\/poe.pravo.upjs.sk\/?page_id=1072&lang=en","title":{"rendered":"Registration"},"content":{"rendered":"<div class=\"wpb-content-wrapper\"><p>[vc_row][vc_column][vc_column_text]<div class=\"frm_forms  with_frm_style frm_style_formidable-style\" id=\"frm_form_7_container\" >\n<form enctype=\"multipart\/form-data\" method=\"post\" class=\"frm-show-form \" id=\"form_w15z02\" >\n<div class=\"frm_form_fields \">\n<fieldset>\n<legend class=\"frm_hidden\">Registration<\/legend>\r\n\r\n<div class=\"frm_fields_container\">\n<input type=\"hidden\" name=\"frm_action\" value=\"create\" \/>\n<input type=\"hidden\" name=\"form_id\" value=\"7\" \/>\n<input type=\"hidden\" name=\"frm_hide_fields_7\" id=\"frm_hide_fields_7\" value=\"\" \/>\n<input type=\"hidden\" name=\"form_key\" value=\"w15z02\" \/>\n<input type=\"hidden\" name=\"item_meta[0]\" value=\"\" \/>\n<input type=\"hidden\" id=\"frm_submit_entry_7\" name=\"frm_submit_entry_7\" value=\"27ff9bc006\" \/><input type=\"hidden\" name=\"_wp_http_referer\" value=\"\/index.php?rest_route=%2Fwp%2Fv2%2Fpages%2F1072\" \/><div id=\"frm_field_95_container\" class=\"frm_form_field form-field  frm_top_container\">\r\n    <label for=\"field_gf7at2\" class=\"frm_primary_label\">Title\r\n        <span class=\"frm_required\"><\/span>\r\n    <\/label>\r\n    \t\t<select name=\"item_meta[95]\" id=\"field_gf7at2\"  data-frmval=\"-\" data-invmsg=\"Title is invalid\" aria-invalid=\"false\"  >\n\t\t<option  value=\"-\" selected='selected'>-<\/option><option  value=\"Mr\">Mr<\/option><option  value=\"Mrs\">Mrs<\/option><option  value=\"Ms\">Ms<\/option>\t<\/select>\n\t\r\n    \r\n    \r\n<\/div>\n<div id=\"frm_field_96_container\" class=\"frm_form_field form-field  frm_required_field frm_top_container\">\r\n    <label for=\"field_4schi2\" class=\"frm_primary_label\">Name\r\n        <span class=\"frm_required\">*<\/span>\r\n    <\/label>\r\n    <input type=\"text\" id=\"field_4schi2\" name=\"item_meta[96]\" value=\"\"  data-reqmsg=\"Name cannot be blank.\" aria-required=\"true\" data-invmsg=\"Meno is invalid\" aria-invalid=\"false\"  \/>\r\n    \r\n    \r\n<\/div>\n<div id=\"frm_field_97_container\" class=\"frm_form_field form-field  frm_required_field frm_top_container\">\r\n    <label for=\"field_4x6vm2\" class=\"frm_primary_label\">Last Name\r\n        <span class=\"frm_required\">*<\/span>\r\n    <\/label>\r\n    <input type=\"text\" id=\"field_4x6vm2\" name=\"item_meta[97]\" value=\"\"  data-reqmsg=\"Last Name cannot be blank.\" aria-required=\"true\" data-invmsg=\"Priezvisko is invalid\" aria-invalid=\"false\"  \/>\r\n    \r\n    \r\n<\/div>\n<div id=\"frm_field_98_container\" class=\"frm_form_field form-field  frm_required_field frm_top_container\">\r\n    <label for=\"field_ax57t2\" class=\"frm_primary_label\">Academic title\r\n        <span class=\"frm_required\">*<\/span>\r\n    <\/label>\r\n    <input type=\"text\" id=\"field_ax57t2\" name=\"item_meta[98]\" value=\"\"  data-reqmsg=\"Academic title cannot be blank.\" aria-required=\"true\" data-invmsg=\"Tituly is invalid\" aria-invalid=\"false\"  \/>\r\n    \r\n    \r\n<\/div>\n<div id=\"frm_field_99_container\" class=\"frm_form_field form-field  frm_required_field frm_top_container\">\r\n    <label for=\"field_lsk2\" class=\"frm_primary_label\">Institution\r\n        <span class=\"frm_required\">*<\/span>\r\n    <\/label>\r\n    <input type=\"text\" id=\"field_lsk2\" name=\"item_meta[99]\" value=\"\"  data-reqmsg=\"Institution cannot be blank.\" aria-required=\"true\" data-invmsg=\"In\u0161tit\u00facia is invalid\" aria-invalid=\"false\"  \/>\r\n    \r\n    \r\n<\/div>\n<div id=\"frm_field_100_container\" class=\"frm_form_field form-field  frm_required_field frm_top_container\">\r\n    <label for=\"field_qny1q2\" class=\"frm_primary_label\">Institution address\r\n        <span class=\"frm_required\">*<\/span>\r\n    <\/label>\r\n    <input type=\"text\" id=\"field_qny1q2\" name=\"item_meta[100]\" value=\"\"  data-reqmsg=\"Institution address cannot be blank.\" aria-required=\"true\" data-invmsg=\"Adresa in\u0161tit\u00facie is invalid\" aria-invalid=\"false\"  \/>\r\n    \r\n    \r\n<\/div>\n<div id=\"frm_field_101_container\" class=\"frm_form_field form-field  frm_required_field frm_top_container\">\r\n    <label for=\"field_l86dq2\" class=\"frm_primary_label\">Country\r\n        <span class=\"frm_required\">*<\/span>\r\n    <\/label>\r\n    <input type=\"text\" id=\"field_l86dq2\" name=\"item_meta[101]\" value=\"\"  data-reqmsg=\"Country cannot be blank.\" aria-required=\"true\" data-invmsg=\"Faktura\u010dn\u00e9 \u00fadaje is invalid\" aria-invalid=\"false\"  \/>\r\n    \r\n    \r\n<\/div>\n<div id=\"frm_field_102_container\" class=\"frm_form_field form-field  frm_required_field frm_top_container\">\r\n    <label for=\"field_moswa2\" class=\"frm_primary_label\">Email\r\n        <span class=\"frm_required\">*<\/span>\r\n    <\/label>\r\n    <input type=\"email\" id=\"field_moswa2\" name=\"item_meta[102]\" value=\"\"  data-reqmsg=\"Email cannot be blank.\" aria-required=\"true\" data-invmsg=\"Email is invalid\" aria-invalid=\"false\"  \/>\r\n    \r\n    \r\n<\/div>\n<div id=\"frm_field_103_container\" class=\"frm_form_field form-field  frm_required_field frm_top_container vertical_radio\">\r\n    <label for=\"field_qx76t2\" class=\"frm_primary_label\">Conference participation\r\n        <span class=\"frm_required\">*<\/span>\r\n    <\/label>\r\n    <div class=\"frm_opt_container\">\t\t<div class=\"frm_radio\" id=\"frm_radio_103-0\">\t\t\t<label  for=\"field_qx76t2-0\">\n\t\t\t\t\t<input type=\"radio\" name=\"item_meta[103]\" id=\"field_qx76t2-0\" value=\"Participation with a paper\"\n\t\t data-reqmsg=\"Conference participation cannot be blank.\" data-invmsg=\"Conference participation is invalid\"   \/> Participation with a paper<\/label><\/div>\n\t\t<div class=\"frm_radio\" id=\"frm_radio_103-1\">\t\t\t<label  for=\"field_qx76t2-1\">\n\t\t\t\t\t<input type=\"radio\" name=\"item_meta[103]\" id=\"field_qx76t2-1\" value=\"Participation without a paper\"\n\t\t data-reqmsg=\"Conference participation cannot be blank.\" data-invmsg=\"Conference participation is invalid\"   \/> Participation without a paper<\/label><\/div>\n<\/div>\r\n    \r\n    \r\n<\/div>\n<div id=\"frm_field_104_container\" class=\"frm_form_field form-field  frm_top_container\">\r\n    <label for=\"field_zwg2s2\" class=\"frm_primary_label\">Paper title (SK)\r\n        <span class=\"frm_required\"><\/span>\r\n    <\/label>\r\n    <input type=\"text\" id=\"field_zwg2s2\" name=\"item_meta[104]\" value=\"\"  data-invmsg=\"N\u00e1zov pr\u00edspevku is invalid\" aria-invalid=\"false\"  \/>\r\n    \r\n    \r\n<\/div>\n<div id=\"frm_field_105_container\" class=\"frm_form_field form-field  frm_top_container\">\r\n    <label for=\"field_q1bqz2\" class=\"frm_primary_label\">Paper title (EN)\r\n        <span class=\"frm_required\"><\/span>\r\n    <\/label>\r\n    <input type=\"text\" id=\"field_q1bqz2\" name=\"item_meta[105]\" value=\"\"  data-invmsg=\"N\u00e1zov pr\u00edspevku v AJ is invalid\" aria-invalid=\"false\"  \/>\r\n    \r\n    \r\n<\/div>\n<div id=\"frm_field_106_container\" class=\"frm_form_field form-field  frm_top_container\">\r\n    <label for=\"field_14f5i2\" class=\"frm_primary_label\">Abstract (SK)\r\n        <span class=\"frm_required\"><\/span>\r\n    <\/label>\r\n    <textarea name=\"item_meta[106]\" id=\"field_14f5i2\" rows=\"5\"  data-invmsg=\"Abstract (SK) is invalid\" aria-invalid=\"false\"  ><\/textarea>\r\n    \r\n    \r\n<\/div>\n<div id=\"frm_field_107_container\" class=\"frm_form_field form-field  frm_top_container\">\r\n    <label for=\"field_utout2\" class=\"frm_primary_label\">Abstract (EN)\r\n        <span class=\"frm_required\"><\/span>\r\n    <\/label>\r\n    <textarea name=\"item_meta[107]\" id=\"field_utout2\" rows=\"5\"  data-invmsg=\"Abstract (EN) is invalid\" aria-invalid=\"false\"  ><\/textarea>\r\n    \r\n    \r\n<\/div>\n<div id=\"frm_field_108_container\" class=\"frm_form_field form-field  frm_required_field frm_top_container\">\r\n    <label for=\"field_g1nuq2\" class=\"frm_primary_label\">Facturation details\r\n        <span class=\"frm_required\">*<\/span>\r\n    <\/label>\r\n    \t\t<select name=\"item_meta[108]\" id=\"field_g1nuq2\"  data-frmval=\"---\" data-reqmsg=\"Toto pole nem\u00f4\u017ee osta\u0165 pr\u00e1zdne.\" aria-required=\"true\" data-invmsg=\"Facturation details is invalid\" aria-invalid=\"false\"  >\n\t\t<option  value=\"---\" selected='selected'>---<\/option><option  value=\"Natural person\">Natural person<\/option><option  value=\"Natural person - enterpreneur\">Natural person - enterpreneur<\/option><option  value=\"Business entity\">Business entity<\/option>\t<\/select>\n\t\r\n    \r\n    \r\n<\/div>\n<div id=\"frm_field_109_container\" class=\"frm_form_field form-field  frm_required_field frm_top_container\">\r\n    <label for=\"field_fl5g62\" class=\"frm_primary_label\">Address\r\n        <span class=\"frm_required\">*<\/span>\r\n    <\/label>\r\n    <input type=\"text\" id=\"field_fl5g62\" name=\"item_meta[109]\" value=\"\"  data-reqmsg=\"Address cannot be blank.\" aria-required=\"true\" data-invmsg=\"Text is invalid\" aria-invalid=\"false\"  \/>\r\n    \r\n    \r\n<\/div>\n<div id=\"frm_field_110_container\" class=\"frm_form_field form-field  frm_required_field frm_top_container\">\r\n    <label for=\"field_dirjl2\" class=\"frm_primary_label\">Business ID\r\n        <span class=\"frm_required\">*<\/span>\r\n    <\/label>\r\n    <input type=\"text\" id=\"field_dirjl2\" name=\"item_meta[110]\" value=\"\"  data-reqmsg=\"Business ID cannot be blank.\" aria-required=\"true\" data-invmsg=\"Text is invalid\" aria-invalid=\"false\"  \/>\r\n    \r\n    \r\n<\/div>\n<div id=\"frm_field_111_container\" class=\"frm_form_field form-field  frm_required_field frm_top_container\">\r\n    <label for=\"field_pa73w2\" class=\"frm_primary_label\">Tax ID 1\r\n        <span class=\"frm_required\">*<\/span>\r\n    <\/label>\r\n    <input type=\"text\" id=\"field_pa73w2\" name=\"item_meta[111]\" value=\"\"  data-reqmsg=\"Tax ID 1 cannot be blank.\" aria-required=\"true\" data-invmsg=\"Text is invalid\" aria-invalid=\"false\"  \/>\r\n    \r\n    \r\n<\/div>\n<div id=\"frm_field_126_container\" class=\"frm_form_field form-field  frm_none_container\">\r\n    <label for=\"g-recaptcha-response\" id=\"field_z8bxs_label\" class=\"frm_primary_label\">reCAPTCHA\r\n        <span class=\"frm_required\" aria-hidden=\"true\"><\/span>\r\n    <\/label>\r\n    <div  id=\"field_z8bxs\" class=\"g-recaptcha\" data-sitekey=\"6LdgnlcUAAAAAOlahPpdONgGavHpQiVUdU7Z5gqZ\" data-size=\"normal\" data-theme=\"light\"><\/div>\r\n    \r\n    \r\n<\/div>\n<div id=\"frm_field_128_container\" class=\"frm_form_field form-field \">\r\n\t<div class=\"frm_submit\">\r\n\r\n<button class=\"frm_button_submit\" type=\"submit\"  >Odosla\u0165<\/button>\r\n\r\n<\/div>\r\n<\/div>\n\t<input type=\"hidden\" name=\"item_key\" value=\"\" \/>\n\t\t\t<div id=\"frm_field_130_container\">\n\t\t\t<label for=\"field_bnqsn\" >\n\t\t\t\tIf you are human, leave this field blank.\t\t\t<\/label>\n\t\t\t<input  id=\"field_bnqsn\" type=\"text\" class=\"frm_form_field form-field frm_verify\" name=\"item_meta[130]\" value=\"\"  \/>\n\t\t<\/div>\n\t\t<input name=\"frm_state\" type=\"hidden\" value=\"6LoEdK4BP2T4bQrRiLC6D9o74AhvsmVwznn9KJX93fk=\" \/><\/div>\n<\/fieldset>\n<\/div>\n\n<\/form>\n<\/div>\n[\/vc_column_text][\/vc_column][\/vc_row]<\/p>\n<\/div>","protected":false},"excerpt":{"rendered":"<p>[vc_row][vc_column][vc_column_text][\/vc_column_text][\/vc_column][\/vc_row]<\/p>\n","protected":false},"author":1,"featured_media":0,"parent":0,"menu_order":0,"comment_status":"open","ping_status":"closed","template":"","meta":{"footnotes":""},"class_list":["post-1072","page","type-page","status-publish","hentry"],"_links":{"self":[{"href":"https:\/\/poe.pravo.upjs.sk\/index.php?rest_route=\/wp\/v2\/pages\/1072","targetHints":{"allow":["GET"]}}],"collection":[{"href":"https:\/\/poe.pravo.upjs.sk\/index.php?rest_route=\/wp\/v2\/pages"}],"about":[{"href":"https:\/\/poe.pravo.upjs.sk\/index.php?rest_route=\/wp\/v2\/types\/page"}],"author":[{"embeddable":true,"href":"https:\/\/poe.pravo.upjs.sk\/index.php?rest_route=\/wp\/v2\/users\/1"}],"replies":[{"embeddable":true,"href":"https:\/\/poe.pravo.upjs.sk\/index.php?rest_route=%2Fwp%2Fv2%2Fcomments&post=1072"}],"version-history":[{"count":3,"href":"https:\/\/poe.pravo.upjs.sk\/index.php?rest_route=\/wp\/v2\/pages\/1072\/revisions"}],"predecessor-version":[{"id":1080,"href":"https:\/\/poe.pravo.upjs.sk\/index.php?rest_route=\/wp\/v2\/pages\/1072\/revisions\/1080"}],"wp:attachment":[{"href":"https:\/\/poe.pravo.upjs.sk\/index.php?rest_route=%2Fwp%2Fv2%2Fmedia&parent=1072"}],"curies":[{"name":"wp","href":"https:\/\/api.w.org\/{rel}","templated":true}]}}