{"id":1134,"date":"2019-05-05T09:55:23","date_gmt":"2019-05-05T07:55:23","guid":{"rendered":"https:\/\/poe.pravo.upjs.sk\/?page_id=1134"},"modified":"2026-02-19T11:04:49","modified_gmt":"2026-02-19T09:04:49","slug":"dolezite-terminy-2","status":"publish","type":"page","link":"https:\/\/poe.pravo.upjs.sk\/?page_id=1134","title":{"rendered":"Predch\u00e1dzaj\u00face konferencie"},"content":{"rendered":"<div class=\"wpb-content-wrapper\"><p>[vc_row][vc_column][vc_column_text css=&#8220;&#8220;]<\/p>\n<h4>14. ro\u010dn\u00edk\u00a0<strong>Medzin\u00e1rodn\u00e9 symp\u00f3zium PR\u00c1VO-OBCHOD-EKONOMIKA 2025<\/strong><\/h4>\n<ul>\n<li>22.10. &#8211; 24.10. 2025<\/li>\n<li>Hotel Patria, \u0160trbsk\u00e9 Pleso, Vysok\u00e9 Tatry<\/li>\n<li>T\u00e9my konferencie:<\/li>\n<\/ul>\n<ol>\n<li>Potenci\u00e1l rozhodcovsk\u00e9ho konania pre rie\u0161enie obchodn\u00fdch sporov<\/li>\n<li>Reorganiz\u00e1cia podnikate\u013ea<\/li>\n<li>The Influence of European Legislation on National Legal Frameworks in Civil, Commercial, and Business Law: Emerging Trends in Cybersecurity, Data Protection, and Digitalisation (sekcia v anglickom jazyku organizovan\u00e1 v r\u00e1mci rie\u0161enia projektu KCKB na UPJ\u0160 \u2013 k\u00f3d projektu 17R05-04-V01-00007 podporen\u00e9ho Eur\u00f3pskou \u00faniou z prostriedkov Pl\u00e1nu obnovy a odolnosti SR).<\/li>\n<\/ol>\n<ul>\n<li>Zborn\u00edk &#8211; TRE\u0160\u010c\u00c1KOV\u00c1, D. &#8211; HU\u010cKOV\u00c1, R. (eds.): Pr\u00e1vo, obchod, ekonomika XIV.\u00a0 Zborn\u00edk vedeck\u00fdch pr\u00e1c. Ko\u0161ice: Vydavate\u013estvo \u0160af\u00e1rikPress UPJ\u0160 v Ko\u0161iciach, 2025, s. 251 (<a href=\"https:\/\/poe.pravo.upjs.sk\/wp-content\/uploads\/2026\/02\/POE_2025_zbornik_1.pdf\">PDF<\/a>)<\/li>\n<li>Zborn\u00edk &#8211; HUS\u00c1R, J. &#8211; HU\u010cKOV\u00c1, R. (eds.): Pr\u00e1vo, obchod, ekonomika XIV.\u00a0 V\u00fdber z vedeck\u00fdch pr\u00edspevkov. Ko\u0161ice: Vydavate\u013estvo \u0160af\u00e1rikPress UPJ\u0160 v Ko\u0161iciach, 2025, s. 93 (<a href=\"https:\/\/poe.pravo.upjs.sk\/wp-content\/uploads\/2026\/02\/POE_2025_zbornik_2.pdf\">PDF<\/a>)<\/li>\n<\/ul>\n<h4>13. ro\u010dn\u00edk <strong>Medzin\u00e1rodn\u00e9 symp\u00f3zium PR\u00c1VO-OBCHOD-EKONOMIKA 2024<\/strong><\/h4>\n<ul>\n<li>23.10. \u2013 25.10. 2024<\/li>\n<li>Hotel Patria, \u0160trbsk\u00e9 Pleso, Vysok\u00e9 Tatry<\/li>\n<li>T\u00e9my konferencie:<\/li>\n<\/ul>\n<ol>\n<li>Potenci\u00e1l rozhodcovsk\u00e9ho konania pre rie\u0161enie obchodn\u00fdch sporov.<\/li>\n<li>Aktu\u00e1lne v\u00fdzvy v oblasti obchodn\u00e9ho pr\u00e1va a konkurzn\u00e9ho pr\u00e1va.<\/li>\n<li>Rok 2024 &#8211; rok umelej inteligencie?<\/li>\n<\/ol>\n<ul>\n<li>Zborn\u00edk &#8211; HUS\u00c1R, J. &#8211; HU\u010cKOV\u00c1, R. (eds.): Pr\u00e1vo, obchod, ekonomika XIII. Ko\u0161ice: Vydavate\u013estvo \u0160af\u00e1rikPress UPJ\u0160 v Ko\u0161iciach, 2024, s. 470 (<a href=\"https:\/\/unibook.upjs.sk\/img\/cms\/2024\/pravf\/pravo-obchod-ekonomika-xiii.pdf\">PDF<\/a>)<\/li>\n<\/ul>\n<h4>12. ro\u010dn\u00edk <strong>Medzin\u00e1rodn\u00e9 symp\u00f3zium PR\u00c1VO-OBCHOD-EKONOMIKA 2023<\/strong><\/h4>\n<ul>\n<li>25.10. \u2013 27.10. 2023<\/li>\n<li>Hotel Patria, \u0160trbsk\u00e9 Pleso, Vysok\u00e9 Tatry<\/li>\n<li>T\u00e9my konferencie:<\/li>\n<\/ul>\n<ol>\n<li>Zast\u00fapenie v\u00a0s\u00fakromnom pr\u00e1ve.<\/li>\n<li>Spriaznen\u00e9 osoby v\u00a0korpora\u010dnom a\u00a0konkurznom pr\u00e1ve.<\/li>\n<li>Aktu\u00e1lne ot\u00e1zky pr\u00e1vnej regul\u00e1cie umelej inteligencie.<\/li>\n<\/ol>\n<ul>\n<li>Zborn\u00edk \u2013 SUCHO\u017dA, J., HUS\u00c1R, J., HU\u010cKOV\u00c1, R. (eds.): Pr\u00e1vo, obchod, ekonomika XII. Ko\u0161ice: Vydavate\u013estvo \u0160af\u00e1rikPress UPJ\u0160 v Ko\u0161iciach, 2023, s. 404 (<a href=\"https:\/\/unibook.upjs.sk\/img\/cms\/2023\/pravf\/pravo-obchod-ekonomika-12.pdf\">PDF<\/a>)<\/li>\n<\/ul>\n<h4>11. ro\u010dn\u00edk <strong>Medzin\u00e1rodn\u00e9 symp\u00f3zium PR\u00c1VO-OBCHOD-EKONOMIKA 2022<\/strong><\/h4>\n<ul>\n<li>26.10. \u2013 28.10. 2022<\/li>\n<li>Hotel Patria, \u0160trbsk\u00e9 Pleso, Vysok\u00e9 Tatry<\/li>\n<li>T\u00e9my konferencie:<\/li>\n<\/ul>\n<ol>\n<li>Z\u00e1sahy verejnej moci do podnikania a\u00a0obchodovania.<\/li>\n<li>Aktu\u00e1lne v\u00fdzvy obchodn\u00e9ho a\u00a0konkurzn\u00e9ho pr\u00e1va.<\/li>\n<li>Vplyv inov\u00e1ci\u00ed a\u00a0modern\u00fdch technol\u00f3gi\u00ed na obchodovanie.<\/li>\n<\/ol>\n<ul>\n<li>Zborn\u00edk \u2013 SUCHO\u017dA, J., HUS\u00c1R, J., HU\u010cKOV\u00c1, R. (eds.): Pr\u00e1vo, obchod, ekonomika XI. Ko\u0161ice: Vydavate\u013estvo \u0160af\u00e1rikPress UPJ\u0160 v Ko\u0161iciach, 2022, s. 298\u00a0 (<a href=\"https:\/\/unibook.upjs.sk\/img\/cms\/2022\/pravf\/pravo-obchod-ekonomika-IX.pdf\">PDF<\/a>)<\/li>\n<\/ul>\n<h4><strong>10. ro\u010dn\u00edk Medzin\u00e1rodn\u00e9 symp\u00f3zium PR\u00c1VO-OBCHOD-EKONOMIKA 2021<\/strong><\/h4>\n<ul>\n<li>20.10. \u2013 22.10. 2021<\/li>\n<li>Hotel Patria, \u0160trbsk\u00e9 Pleso, Vysok\u00e9 Tatry<\/li>\n<li>T\u00e9my konferencie:<\/li>\n<\/ul>\n<ol>\n<li>Otvoren\u00e9 probl\u00e9my obchodn\u00e9ho pr\u00e1va so zrete\u013eom na rie\u0161enie ekonomickej a soci\u00e1lnej kr\u00edzy vyvolanej tzv. pand\u00e9miou (koronakr\u00edzou),<\/li>\n<li>Aktu\u00e1lne ot\u00e1zky korpora\u010dn\u00e9ho pr\u00e1va v E\u00da,<\/li>\n<li>Umel\u00e1 inteligencia a pr\u00e1vo: Vplyv umelej inteligencie na normotvorn\u00fa \u010dinnos\u0165 \u0161t\u00e1tu a rozhodovanie s\u00fadov.<\/li>\n<\/ol>\n<ul>\n<li>Zborn\u00edk \u2013 SUCHO\u017dA, J., HUS\u00c1R, J., HU\u010cKOV\u00c1, R. (eds.): Pr\u00e1vo, obchod, ekonomika X. Ko\u0161ice: Vydavate\u013estvo \u0160af\u00e1rikPress UPJ\u0160 v Ko\u0161iciach, 2021, s. 266 (<a href=\"https:\/\/unibook.upjs.sk\/img\/cms\/2021\/pravf\/pravo-obchod-ekonomika-10.pdf\">PDF)<\/a><\/li>\n<\/ul>\n<h4><strong>9. ro\u010dn\u00edk Medzin\u00e1rodn\u00e9 symp\u00f3zium PR\u00c1VO-OBCHOD-EKONOMIKA 2019<\/strong><\/h4>\n<ul>\n<li>23.10. \u2013 25.10. 2019<\/li>\n<li>Hotel Patria, \u0160trbsk\u00e9 Pleso, Vysok\u00e9 Tatry<\/li>\n<li>T\u00e9my konferencie:<\/li>\n<\/ul>\n<ol>\n<li>Rekodifik\u00e1cia s\u00fakromn\u00e9ho pr\u00e1va hmotn\u00e9ho<\/li>\n<li>Ochrana verite\u013eov v obchodnom pr\u00e1ve<\/li>\n<li>Pr\u00e1vne a technick\u00e9 aspekty umelej inteligencie<\/li>\n<\/ol>\n<ul>\n<li>Zborn\u00edk \u2013 SUCHO\u017dA, J., HUS\u00c1R, J., HU\u010cKOV\u00c1, R. (eds.): Pr\u00e1vo, obchod, ekonomika IX. Ko\u0161ice: Vydavate\u013estvo \u0160af\u00e1rikPress UPJ\u0160 v Ko\u0161iciach, 2019, s. 572 (<a href=\"https:\/\/unibook.upjs.sk\/img\/cms\/2019\/pravf\/pravo-obchod-ekonomika-9-web.pdf\">PDF<\/a><a href=\"https:\/\/poe.pravo.upjs.sk\/wp-content\/documents\/POE_2019_zbornik.pdf\">)<\/a><\/li>\n<\/ul>\n<h4><strong>8. ro\u010dn\u00edk Medzin\u00e1rodn\u00e9 symp\u00f3zium PR\u00c1VO-OBCHOD-EKONOMIKA 2018<\/strong><\/h4>\n<ul>\n<li><strong>07.11. &#8211; 09.11.2018<\/strong><\/li>\n<li>Hotel Patria, \u0160trbsk\u00e9 pleso, Vysok\u00e9 Tatry<\/li>\n<li>T\u00e9my konferencie:\n<ol>\n<li>Jednotn\u00fd digit\u00e1lny trh &#8211; legislat\u00edvne a aplika\u010dn\u00e9 ot\u00e1zky<\/li>\n<li>Obchodn\u00e9, da\u0148ov\u00e9 a finan\u010dn\u00e9 aspekty financovania obchodn\u00fdch spolo\u010dnost\u00ed<\/li>\n<\/ol>\n<\/li>\n<li>Zborn\u00edk \u2013 SUCHO\u017dA, J., HUS\u00c1R, J., HU\u010cKOV\u00c1, R. (eds.): Pr\u00e1vo, obchod, ekonomika VIII. Ko\u0161ice: Vydavate\u013estvo \u0160af\u00e1rikPress UPJ\u0160 v Ko\u0161iciach, 2018, s. 317 <a href=\"https:\/\/poe.pravo.upjs.sk\/wp-content\/documents\/POE_2018_zbornik.pdf\">(PDF)<\/a><\/li>\n<\/ul>\n<h4><strong>7. ro\u010dn\u00edk Medzin\u00e1rodn\u00e9 symp\u00f3zium PR\u00c1VO-OBCHOD-EKONOMIKA 2017<\/strong><\/h4>\n<ul>\n<li><strong>11.10. &#8211; 13.10.2017<\/strong><\/li>\n<li>Hotel Patria, \u0160trbsk\u00e9 pleso, Vysok\u00e9 Tatry<\/li>\n<li>T\u00e9my konferencie:\n<ol>\n<li>Legislat\u00edvne zmeny v oblasti pr\u00e1va obchodn\u00fdch spolo\u010dnost\u00ed<\/li>\n<li>Jednotn\u00fd digit\u00e1lny trh \u2013 legislat\u00edvne a\u00a0aplika\u010dn\u00e9 ot\u00e1zky<\/li>\n<li>Rekodifik\u00e1cia civiln\u00e9ho procesn\u00e9ho pr\u00e1va<\/li>\n<\/ol>\n<\/li>\n<li>Zborn\u00edk &#8211; SUCHO\u017dA, J., HUS\u00c1R, J., HU\u010cKOV\u00c1, R. (eds.): Pr\u00e1vo, obchod, ekonomika VII. Ko\u0161ice: Univerzita P. J. \u0160af\u00e1rika v Ko\u0161iciach, 2017, s. 523 (<a href=\"https:\/\/poe.pravo.upjs.sk\/wp-content\/documents\/POE_2017_zbornik.pdf\">PDF)<\/a><\/li>\n<\/ul>\n<h4><strong>6. ro\u010dn\u00edk Medzin\u00e1rodn\u00e9 symp\u00f3zium PR\u00c1VO-OBCHOD-EKONOMIKA 2016<\/strong><\/h4>\n<ul>\n<li><strong>26.10. &#8211; 28.10.2016<\/strong><\/li>\n<li>Hotel Patria, \u0160trbsk\u00e9 pleso, Vysok\u00e9 Tatry<\/li>\n<li>T\u00e9my konferencie:\n<ol>\n<li>P\u00f4sobenie in\u0161tit\u00fatov verejn\u00e9ho a\u00a0s\u00fakromn\u00e9ho pr\u00e1va na obchodn\u00e9 vz\u0165ahy<\/li>\n<li>Rekodifik\u00e1cia s\u00fakromn\u00e9ho pr\u00e1va<\/li>\n<li>Aktu\u00e1lne ot\u00e1zky elektroniz\u00e1cie v podnikan\u00ed.<\/li>\n<\/ol>\n<\/li>\n<li>Zborn\u00edk &#8211; SUCHO\u017dA, J., HUS\u00c1R, J., HU\u010cKOV\u00c1, R. (eds.): Pr\u00e1vo, obchod, ekonomika VI. Ko\u0161ice: Univerzita P. J. \u0160af\u00e1rika v Ko\u0161iciach, 2016, s.648 (<a href=\"https:\/\/poe.pravo.upjs.sk\/wp-content\/documents\/POE_2016_zbornik.pdf\">PDF)<\/a><\/li>\n<\/ul>\n<h4><strong>5. ro\u010dn\u00edk Medzin\u00e1rodn\u00e9 symp\u00f3zium PR\u00c1VO-OBCHOD-EKONOMIKA 2015<\/strong><\/h4>\n<ul>\n<li><strong>21.10. &#8211; 23.10.2015<\/strong><\/li>\n<li>Hotel Patria, \u0160trbsk\u00e9 pleso, Vysok\u00e9 Tatry<\/li>\n<li>T\u00e9my konferencie:\n<ol>\n<li>KORPOR\u00c1CIE \u2013 KONTRAKTY \u2013 KODIFIK\u00c1CIE \u2013 KONTEXTY<\/li>\n<\/ol>\n<\/li>\n<li>Zborn\u00edk &#8211; SUCHO\u017dA, J., HUS\u00c1R, J., HU\u010cKOV\u00c1, R. (eds.): Pr\u00e1vo, obchod, ekonomika V. Ko\u0161ice: Univerzita P. J. \u0160af\u00e1rika v Ko\u0161iciach, 2016, s.619 (<a href=\"https:\/\/poe.pravo.upjs.sk\/wp-content\/documents\/POE_2015_zbornik.pdf\">PDF)<\/a><\/li>\n<\/ul>\n<h4><strong>4. ro\u010dn\u00edk Medzin\u00e1rodn\u00e9 symp\u00f3zium PR\u00c1VO-OBCHOD-EKONOMIKA 2014<\/strong><\/h4>\n<ul>\n<li><strong>27.10. &#8211; 29.10.2014<\/strong><\/li>\n<li>Hotel Patria, \u0160trbsk\u00e9 pleso, Vysok\u00e9 Tatry<\/li>\n<li>T\u00e9my konferencie:\n<ol>\n<li>Efekt\u00edvnos\u0165 pr\u00e1vnych in\u0161tit\u00fatov s\u00fakromn\u00e9ho a verejn\u00e9ho pr\u00e1va v spojitosti s prebiehaj\u00facou glob\u00e1lnou hospod\u00e1rskou a finan\u010dnou kr\u00edzou<\/li>\n<li>Modern\u00e9 rekodifika\u010dn\u00e9 trendy v Slovenskej republike s prihliadnut\u00edm na eur\u00f3pske dimenzie<\/li>\n<li>Rozhodcovsk\u00e9 konanie v Slovenskej republike \u2013 stav de lege lata \u2013 komparat\u00edvne, aplika\u010dn\u00e9 a legislat\u00edvne d\u00f4sledky<\/li>\n<\/ol>\n<\/li>\n<li>Zborn\u00edk &#8211; SUCHO\u017dA, J., HUS\u00c1R, J. (eds.): Pr\u00e1vo, obchod, ekonomika IV. Ko\u0161ice: Univerzita P. J. \u0160af\u00e1rika v Ko\u0161iciach, 2014, s. 651\u00a0(<a href=\"https:\/\/poe.pravo.upjs.sk\/wp-content\/documents\/POE_2014_zbornik.pdf\">PDF)<\/a><\/li>\n<\/ul>\n<h4><strong>3. ro\u010dn\u00edk Medzin\u00e1rodn\u00e9 symp\u00f3zium PR\u00c1VO-OBCHOD-EKONOMIKA 2013\u00a0<\/strong><\/h4>\n<ul>\n<li><strong>06.11. &#8211; 08.11.2013<\/strong><\/li>\n<li>Hotel Patria, \u0160trbsk\u00e9 pleso, Vysok\u00e9 Tatry<\/li>\n<li>T\u00e9my konferencie:\n<ol>\n<li>V\u0161eobecn\u00e9, teoretick\u00e9 a aplika\u010dn\u00e9 aspekty obchodn\u00e9ho pr\u00e1va v kontexte pr\u00e1vnej regul\u00e1cie ekonomiky<\/li>\n<li>Problematika obchodn\u00fdch korpor\u00e1ci\u00ed vr\u00e1tane eur\u00f3pskych kontextov<\/li>\n<li>Medzin\u00e1rodn\u00e1 obchodn\u00e1 arbitr\u00e1\u017e a jej \u0161ir\u0161ie aspekty<\/li>\n<\/ol>\n<\/li>\n<li>Zborn\u00edk &#8211; SUCHO\u017dA, J., HUS\u00c1R, J. (eds.): Pr\u00e1vo, obchod, ekonomika III. Ko\u0161ice: Univerzita P. J. \u0160af\u00e1rika v Ko\u0161iciach, 2013, s. 771\u00a0(<a href=\"https:\/\/poe.pravo.upjs.sk\/wp-content\/documents\/POE_2013_zbornik.pdf\">PDF)<\/a><\/li>\n<\/ul>\n<h4><strong>2. ro\u010dn\u00edk Medzin\u00e1rodn\u00e9 symp\u00f3zium PR\u00c1VO-OBCHOD-EKONOMIKA 2012\u00a0<\/strong><\/h4>\n<ul>\n<li><strong>24.10. &#8211; 26.10.2012<\/strong><\/li>\n<li>Hotel Patria, \u0160trbsk\u00e9 pleso, Vysok\u00e9 Tatry<\/li>\n<li>T\u00e9my konferencie:\n<ol>\n<li>Rekodifik\u00e1cia s\u00fakromn\u00e9ho pr\u00e1va v\u00a0\u0161t\u00e1toch \u201eVi\u0161egr\u00e1dskej \u0161tvorky\u201c<\/li>\n<li>Pr\u00e1vo-Obchod-Ekonomika (vz\u00e1jomn\u00e9 interakcie)<\/li>\n<li>F\u00fazie obchodn\u00fdch spolo\u010dnost\u00ed<\/li>\n<\/ol>\n<\/li>\n<li>Zborn\u00edk &#8211; SUCHO\u017dA, J., HUS\u00c1R, J. (eds.): Pr\u00e1vo, obchod, ekonomika II. Ko\u0161ice: Univerzita P. J. \u0160af\u00e1rika v Ko\u0161iciach, 2012<\/li>\n<\/ul>\n<h4><strong>1. ro\u010dn\u00edk Medzin\u00e1rodn\u00e9 symp\u00f3zium PR\u00c1VO-OBCHOD-EKONOMIKA 2011<\/strong><\/h4>\n<ul>\n<li><strong>26.10. \u2013 28.10. 2011<\/strong><\/li>\n<li>Hotel Patria, \u0160trbsk\u00e9 Pleso, Vysok\u00e9 Tatry<\/li>\n<li>T\u00e9my konferencie:\n<ol>\n<li>Zmluvn\u00fd syst\u00e9m s\u00fakromn\u00e9ho pr\u00e1va z\u00a0aspektu rekodifika\u010dn\u00fdch tendenci\u00ed<\/li>\n<li>P\u00f4sobenie in\u0161tit\u00fatov verejn\u00e9ho pr\u00e1va a\u00a0pr\u00e1va s\u00fakromn\u00e9ho na regula\u010dn\u00fd syst\u00e9m ekonomiky<\/li>\n<li>Pr\u00e1vo medzin\u00e1rodn\u00e9ho obchodu \u2013 obchodn\u00e1 arbitr\u00e1\u017e<\/li>\n<\/ol>\n<\/li>\n<li>Zborn\u00edk \u2013 SUCHO\u017dA, J., HUS\u00c1R, J. (eds.): Pr\u00e1vo, obchod, ekonomika. Ko\u0161ice: Univerzita P. J. \u0160af\u00e1rika v Ko\u0161iciach, 2011, s.\u00a0 \u00a0(<a href=\"https:\/\/unibook.upjs.sk\/img\/cms\/2024\/pravf\/pravo-obchod-ekonomika-xiii.pdf\">PDF<\/a><a href=\"https:\/\/poe.pravo.upjs.sk\/wp-content\/documents\/POE_2011_zbornik.pdf\">)<\/a><\/li>\n<\/ul>\n<p>[\/vc_column_text][\/vc_column][\/vc_row]<\/p>\n<\/div>","protected":false},"excerpt":{"rendered":"<p>[vc_row][vc_column][vc_column_text css=&#8220;&#8220;] 14. ro\u010dn\u00edk\u00a0Medzin\u00e1rodn\u00e9 symp\u00f3zium PR\u00c1VO-OBCHOD-EKONOMIKA 2025 22.10. &#8211; 24.10. 2025 Hotel Patria, \u0160trbsk\u00e9 Pleso, Vysok\u00e9 Tatry T\u00e9my konferencie: Potenci\u00e1l rozhodcovsk\u00e9ho konania pre rie\u0161enie obchodn\u00fdch sporov Reorganiz\u00e1cia podnikate\u013ea The Influence of European Legislation on National Legal Frameworks in Civil, Commercial, and Business Law: Emerging Trends in Cybersecurity, Data Protection, and Digitalisation (sekcia v anglickom jazyku &hellip; <\/p>\n","protected":false},"author":1,"featured_media":0,"parent":0,"menu_order":0,"comment_status":"closed","ping_status":"closed","template":"","meta":{"footnotes":""},"class_list":["post-1134","page","type-page","status-publish","hentry"],"_links":{"self":[{"href":"https:\/\/poe.pravo.upjs.sk\/index.php?rest_route=\/wp\/v2\/pages\/1134","targetHints":{"allow":["GET"]}}],"collection":[{"href":"https:\/\/poe.pravo.upjs.sk\/index.php?rest_route=\/wp\/v2\/pages"}],"about":[{"href":"https:\/\/poe.pravo.upjs.sk\/index.php?rest_route=\/wp\/v2\/types\/page"}],"author":[{"embeddable":true,"href":"https:\/\/poe.pravo.upjs.sk\/index.php?rest_route=\/wp\/v2\/users\/1"}],"replies":[{"embeddable":true,"href":"https:\/\/poe.pravo.upjs.sk\/index.php?rest_route=%2Fwp%2Fv2%2Fcomments&post=1134"}],"version-history":[{"count":17,"href":"https:\/\/poe.pravo.upjs.sk\/index.php?rest_route=\/wp\/v2\/pages\/1134\/revisions"}],"predecessor-version":[{"id":1707,"href":"https:\/\/poe.pravo.upjs.sk\/index.php?rest_route=\/wp\/v2\/pages\/1134\/revisions\/1707"}],"wp:attachment":[{"href":"https:\/\/poe.pravo.upjs.sk\/index.php?rest_route=%2Fwp%2Fv2%2Fmedia&parent=1134"}],"curies":[{"name":"wp","href":"https:\/\/api.w.org\/{rel}","templated":true}]}}