{"id":1743,"date":"2026-04-16T16:35:42","date_gmt":"2026-04-16T14:35:42","guid":{"rendered":"https:\/\/poe.pravo.upjs.sk\/?page_id=1743"},"modified":"2026-04-16T16:54:44","modified_gmt":"2026-04-16T14:54:44","slug":"previous-conferences","status":"publish","type":"page","link":"https:\/\/poe.pravo.upjs.sk\/?page_id=1743","title":{"rendered":"Previous conferences"},"content":{"rendered":"<div class=\"wpb-content-wrapper\"><p>[vc_row][vc_column][vc_column_text css=&#8220;&#8220;]<\/p>\n<h4>14. <strong>International symposium LAW &#8211; COMMERCE &#8211; ECONOMICS 2025<\/strong><\/h4>\n<ul>\n<li>22.10. &#8211; 24.10. 2025<\/li>\n<li>Hotel Patria, \u0160trbsk\u00e9 Pleso, Vysok\u00e9 Tatry<\/li>\n<li>Conference topics:<\/li>\n<\/ul>\n<ol>\n<li>The potential of arbitration for resolving commercial issues<\/li>\n<li>Reorganization of Enterpreneur<\/li>\n<li>The Influence of European Legislation on National Legal Frameworks in Civil, Commercial, and Business Law: Emerging Trends in Cybersecurity, Data Protection, and Digitalisation (section in English language organised within the scope of the project KCKB-UPJ\u0160 No. 17R05-04-V01-00007 funded by the European Union from Recovery and Resilience Plan SR).<\/li>\n<\/ol>\n<ul>\n<li>Conference proceedings &#8211; TRE\u0160\u010c\u00c1KOV\u00c1, D. &#8211; HU\u010cKOV\u00c1, R. (eds.): Pr\u00e1vo, obchod, ekonomika XIV.&nbsp; Zborn\u00edk vedeck\u00fdch pr\u00e1c. Ko\u0161ice: Vydavate\u013estvo \u0160af\u00e1rikPress UPJ\u0160 v Ko\u0161iciach, 2025, s. 251 (<a href=\"https:\/\/poe.pravo.upjs.sk\/wp-content\/uploads\/2026\/02\/POE_2025_zbornik_1.pdf\">PDF<\/a>)<\/li>\n<li>Conference proceedings &#8211; HUS\u00c1R, J. &#8211; HU\u010cKOV\u00c1, R. (eds.): Pr\u00e1vo, obchod, ekonomika XIV.&nbsp; V\u00fdber z vedeck\u00fdch pr\u00edspevkov. Ko\u0161ice: Vydavate\u013estvo \u0160af\u00e1rikPress UPJ\u0160 v Ko\u0161iciach, 2025, s. 93 (<a href=\"https:\/\/poe.pravo.upjs.sk\/wp-content\/uploads\/2026\/02\/POE_2025_zbornik_2.pdf\">PDF<\/a>)<\/li>\n<\/ul>\n<h4>13.&nbsp;<strong>International symposium LAW &#8211; COMMERCE &#8211; ECONOMICS <\/strong><strong>2024<\/strong><\/h4>\n<ul>\n<li>23.10. \u2013 25.10. 2024<\/li>\n<li>Hotel Patria, \u0160trbsk\u00e9 Pleso, Vysok\u00e9 Tatry<\/li>\n<li>Conference topics:<\/li>\n<\/ul>\n<ol>\n<li>Potential of arbitration for resolving commercial issues<\/li>\n<li>Current challenges in commercial law and bankruptcy law<\/li>\n<li>2024 &#8211; the year of artificial intelligence?<\/li>\n<\/ol>\n<ul>\n<li>Conference proceedings &#8211; HUS\u00c1R, J. &#8211; HU\u010cKOV\u00c1, R. (eds.): Pr\u00e1vo, obchod, ekonomika XIII. Ko\u0161ice: Vydavate\u013estvo \u0160af\u00e1rikPress UPJ\u0160 v Ko\u0161iciach, 2024, s. 470 (<a href=\"https:\/\/unibook.upjs.sk\/img\/cms\/2024\/pravf\/pravo-obchod-ekonomika-xiii.pdf\">PDF<\/a>)<\/li>\n<\/ul>\n<h4>12. <strong>International symposium LAW &#8211; COMMERCE &#8211; ECONOMICS&nbsp;<\/strong><strong>&nbsp;2023<\/strong><\/h4>\n<ul>\n<li>25.10. \u2013 27.10. 2023<\/li>\n<li>Hotel Patria, \u0160trbsk\u00e9 Pleso, Vysok\u00e9 Tatry<\/li>\n<li>Conference topics:<\/li>\n<\/ul>\n<ol>\n<li>Representation in private law<\/li>\n<li>Related parties in corporate and bankruptcy law<\/li>\n<li>Current issues of artificial intelligence regulation<\/li>\n<\/ol>\n<ul>\n<li>Conference proceedings \u2013 SUCHO\u017dA, J., HUS\u00c1R, J., HU\u010cKOV\u00c1, R. (eds.): Pr\u00e1vo, obchod, ekonomika XII. Ko\u0161ice: Vydavate\u013estvo \u0160af\u00e1rikPress UPJ\u0160 v Ko\u0161iciach, 2023, s. 404 (<a href=\"https:\/\/unibook.upjs.sk\/img\/cms\/2023\/pravf\/pravo-obchod-ekonomika-12.pdf\">PDF<\/a>)<\/li>\n<\/ul>\n<h4>11.&nbsp;<strong>International symposium LAW &#8211; COMMERCE &#8211; ECONOMICS&nbsp;<\/strong><strong>2022<\/strong><\/h4>\n<ul>\n<li>26.10. \u2013 28.10. 2022<\/li>\n<li>Hotel Patria, \u0160trbsk\u00e9 Pleso, Vysok\u00e9 Tatry<\/li>\n<li>Conference topics:<\/li>\n<\/ul>\n<ol>\n<li>Public intervention in business and trade<\/li>\n<li>Current challenges in commercial and bankruptcy law<\/li>\n<li>The impact of innovation and modern technologies on trade<\/li>\n<\/ol>\n<ul>\n<li>Conference proceedings \u2013 SUCHO\u017dA, J., HUS\u00c1R, J., HU\u010cKOV\u00c1, R. (eds.): Pr\u00e1vo, obchod, ekonomika XI. Ko\u0161ice: Vydavate\u013estvo \u0160af\u00e1rikPress UPJ\u0160 v Ko\u0161iciach, 2022, s. 298&nbsp; (<a href=\"https:\/\/unibook.upjs.sk\/img\/cms\/2022\/pravf\/pravo-obchod-ekonomika-IX.pdf\">PDF<\/a>)<\/li>\n<\/ul>\n<h4><strong>10. <\/strong><strong>International symposium LAW &#8211; COMMERCE &#8211; ECONOMICS <\/strong><strong>2021<\/strong><\/h4>\n<ul>\n<li>20.10. \u2013 22.10. 2021<\/li>\n<li>Hotel Patria, \u0160trbsk\u00e9 Pleso, Vysok\u00e9 Tatry<\/li>\n<li>Conference topics<\/li>\n<\/ul>\n<ol>\n<li>Open problems of commercial law with regard to the solution of the economic and social crisis caused by the pandemic (corona crisis)<\/li>\n<li>Current issues of corporate law in the EU<\/li>\n<li>Artificial intelligence and law: The impact of artificial intelligence on the normative activity of the state and the decision-making of courts<\/li>\n<\/ol>\n<ul>\n<li>Conference proceedings \u2013 SUCHO\u017dA, J., HUS\u00c1R, J., HU\u010cKOV\u00c1, R. (eds.): Pr\u00e1vo, obchod, ekonomika X. Ko\u0161ice: Vydavate\u013estvo \u0160af\u00e1rikPress UPJ\u0160 v Ko\u0161iciach, 2021, s. 266 (<a href=\"https:\/\/unibook.upjs.sk\/img\/cms\/2021\/pravf\/pravo-obchod-ekonomika-10.pdf\">PDF)<\/a><\/li>\n<\/ul>\n<h4><strong>9.&nbsp;<\/strong><strong>International symposium LAW &#8211; COMMERCE &#8211; ECONOMICS 2<\/strong><strong>019<\/strong><\/h4>\n<ul>\n<li>23.10. \u2013 25.10. 2019<\/li>\n<li>Hotel Patria, \u0160trbsk\u00e9 Pleso, Vysok\u00e9 Tatry<\/li>\n<li>Conference topics:<\/li>\n<\/ul>\n<ol>\n<li>\n<div class=\"n4sEPd\">\n<div class=\"FFpbKc\">\n<div class=\"xMmqsf\">\n<div class=\"nidPne\">\n<div data-show-delay-ms=\"250\" data-append-to-body=\"true\" data-propagate-tooltip-mouseover-events=\"true\" data-anchor-corner=\"bottom-left\" data-enable-skip-handler=\"true\" data-popup-corner=\"top-left\">\n<div class=\"dig2sb\"><\/div>\n<\/div>\n<\/div>\n<\/div>\n<\/div>\n<\/div>\n<div class=\"QcsUad BDJ8fb BLojaf sMVRZe hCXDsb wneUed\">\n<div class=\"usGWQd\">\n<div class=\"KkbLmb\">\n<div class=\"lRu31\" dir=\"ltr\"><span class=\"HwtZe\" lang=\"en\"><span class=\"jCAhz ChMk0b\"><span class=\"ryNqvb\">Recodification of private substantive law<\/span><\/span><\/span><\/div>\n<\/div>\n<\/div>\n<\/div>\n<\/li>\n<li>Creditor protection in commercial law<\/li>\n<li>Legal and technical aspects of artificial intelligence<\/li>\n<\/ol>\n<ul>\n<li>Conference proceedings \u2013 SUCHO\u017dA, J., HUS\u00c1R, J., HU\u010cKOV\u00c1, R. (eds.): Pr\u00e1vo, obchod, ekonomika IX. Ko\u0161ice: Vydavate\u013estvo \u0160af\u00e1rikPress UPJ\u0160 v Ko\u0161iciach, 2019, s. 572 (<a href=\"https:\/\/unibook.upjs.sk\/img\/cms\/2019\/pravf\/pravo-obchod-ekonomika-9-web.pdf\">PDF<\/a><a href=\"https:\/\/poe.pravo.upjs.sk\/wp-content\/documents\/POE_2019_zbornik.pdf\">)<\/a><\/li>\n<\/ul>\n<h4><strong>8.&nbsp;<\/strong><strong>International symposium LAW &#8211; COMMERCE &#8211; ECONOMICS&nbsp;<\/strong><strong>2018<\/strong><\/h4>\n<ul>\n<li><strong>07.11. &#8211; 09.11.2018<\/strong><\/li>\n<li>Hotel Patria, \u0160trbsk\u00e9 pleso, Vysok\u00e9 Tatry<\/li>\n<li>T\u00e9my konferencie:\n<ol>\n<li>Digital Single Market &#8211; Legislative and Implementation Issues<\/li>\n<li>Business, Tax and Financial Aspects of Corporate Financing<\/li>\n<\/ol>\n<\/li>\n<li>Conference proceedings \u2013 SUCHO\u017dA, J., HUS\u00c1R, J., HU\u010cKOV\u00c1, R. (eds.): Pr\u00e1vo, obchod, ekonomika VIII. Ko\u0161ice: Vydavate\u013estvo \u0160af\u00e1rikPress UPJ\u0160 v Ko\u0161iciach, 2018, s. 317 <a href=\"https:\/\/poe.pravo.upjs.sk\/wp-content\/documents\/POE_2018_zbornik.pdf\">(PDF)<\/a><\/li>\n<\/ul>\n<h4><strong>7.&nbsp;<\/strong><strong>International symposium LAW &#8211; COMMERCE &#8211; ECONOMICS <\/strong><strong>2017<\/strong><\/h4>\n<ul>\n<li><strong>11.10. &#8211; 13.10.2017<\/strong><\/li>\n<li>Hotel Patria, \u0160trbsk\u00e9 pleso, Vysok\u00e9 Tatry<\/li>\n<li>T\u00e9my konferencie:\n<ol>\n<li>Legislative changes in the field of company law<\/li>\n<li>Digital Single Market \u2013 legislative and implementation issues<\/li>\n<li>Recodification of civil procedural law<\/li>\n<\/ol>\n<\/li>\n<li>Conference proceedings &#8211; SUCHO\u017dA, J., HUS\u00c1R, J., HU\u010cKOV\u00c1, R. (eds.): Pr\u00e1vo, obchod, ekonomika VII. Ko\u0161ice: Univerzita P. J. \u0160af\u00e1rika v Ko\u0161iciach, 2017, s. 523 (<a href=\"https:\/\/poe.pravo.upjs.sk\/wp-content\/documents\/POE_2017_zbornik.pdf\">PDF)<\/a><\/li>\n<\/ul>\n<h4><strong>6.&nbsp;<\/strong><strong>International symposium LAW &#8211; COMMERCE &#8211; ECONOMICS <\/strong><strong>2016<\/strong><\/h4>\n<ul>\n<li><strong>26.10. &#8211; 28.10.2016<\/strong><\/li>\n<li>Hotel Patria, \u0160trbsk\u00e9 pleso, Vysok\u00e9 Tatry<\/li>\n<li>T\u00e9my konferencie:\n<ol>\n<li>The impact of public and private law institutes on business relations<\/li>\n<li>Recodification of private law<\/li>\n<li>Current issues of e-commerce<\/li>\n<\/ol>\n<\/li>\n<li>Conference proceedings- SUCHO\u017dA, J., HUS\u00c1R, J., HU\u010cKOV\u00c1, R. (eds.): Pr\u00e1vo, obchod, ekonomika VI. Ko\u0161ice: Univerzita P. J. \u0160af\u00e1rika v Ko\u0161iciach, 2016, s.648 (<a href=\"https:\/\/poe.pravo.upjs.sk\/wp-content\/documents\/POE_2016_zbornik.pdf\">PDF)<\/a><\/li>\n<\/ul>\n<h4><strong>5.&nbsp;<\/strong><strong>International symposium LAW &#8211; COMMERCE &#8211; ECONOMICS <\/strong><strong>2015<\/strong><\/h4>\n<ul>\n<li><strong>21.10. &#8211; 23.10.2015<\/strong><\/li>\n<li>Hotel Patria, \u0160trbsk\u00e9 pleso, Vysok\u00e9 Tatry<\/li>\n<li>T\u00e9my konferencie:\n<ol>\n<li>CORPORATIONS \u2013 CONTRACTS \u2013 CODIFICATIONS \u2013 CONTEXTS<\/li>\n<\/ol>\n<\/li>\n<li>Conference proceedings &#8211; SUCHO\u017dA, J., HUS\u00c1R, J., HU\u010cKOV\u00c1, R. (eds.): Pr\u00e1vo, obchod, ekonomika V. Ko\u0161ice: Univerzita P. J. \u0160af\u00e1rika v Ko\u0161iciach, 2016, s.619 (<a href=\"https:\/\/poe.pravo.upjs.sk\/wp-content\/documents\/POE_2015_zbornik.pdf\">PDF)<\/a><\/li>\n<\/ul>\n<h4><strong>4.&nbsp;<\/strong><strong>International symposium LAW &#8211; COMMERCE &#8211; ECONOMICS <\/strong><strong>2014<\/strong><\/h4>\n<ul>\n<li><strong>27.10. &#8211; 29.10.2014<\/strong><\/li>\n<li>Hotel Patria, \u0160trbsk\u00e9 pleso, Vysok\u00e9 Tatry<\/li>\n<li>T\u00e9my konferencie:\n<ol>\n<li>The effectiveness of legal institutes of private and public law in connection with the ongoing global economic and financial crisis<\/li>\n<li>Modern recodification trends in the Slovak Republic with regard to European dimensions<\/li>\n<li>Arbitration proceedings in the Slovak Republic \u2013 state de lege lata \u2013 comparative, application and legislative consequences<\/li>\n<\/ol>\n<\/li>\n<li>Conference proceedings &#8211; SUCHO\u017dA, J., HUS\u00c1R, J. (eds.): Pr\u00e1vo, obchod, ekonomika IV. Ko\u0161ice: Univerzita P. J. \u0160af\u00e1rika v Ko\u0161iciach, 2014, s. 651 (<a href=\"https:\/\/poe.pravo.upjs.sk\/wp-content\/documents\/POE_2014_zbornik.pdf\">PDF)<\/a><\/li>\n<\/ul>\n<h4><strong>3.&nbsp;<\/strong><strong>International symposium LAW &#8211; COMMERCE &#8211; ECONOMICS&nbsp;<\/strong><strong>2013&nbsp;<\/strong><\/h4>\n<ul>\n<li><strong>06.11. &#8211; 08.11.2013<\/strong><\/li>\n<li>Hotel Patria, \u0160trbsk\u00e9 pleso, Vysok\u00e9 Tatry<\/li>\n<li>T\u00e9my konferencie:\n<ol>\n<li>General, theoretical and applied aspects of commercial law in the context of economy regulation<\/li>\n<li>Issues of commercial corporations, including European contexts<\/li>\n<li>International commercial arbitration and its broader aspects<\/li>\n<\/ol>\n<\/li>\n<li>Conference proceedings &#8211; SUCHO\u017dA, J., HUS\u00c1R, J. (eds.): Pr\u00e1vo, obchod, ekonomika III. Ko\u0161ice: Univerzita P. J. \u0160af\u00e1rika v Ko\u0161iciach, 2013, s. 771 (<a href=\"https:\/\/poe.pravo.upjs.sk\/wp-content\/documents\/POE_2013_zbornik.pdf\">PDF)<\/a><\/li>\n<\/ul>\n<h4><strong>2.&nbsp;<\/strong><strong>International symposium LAW &#8211; COMMERCE &#8211; ECONOMICS&nbsp;<\/strong><strong>2012&nbsp;<\/strong><\/h4>\n<ul>\n<li><strong>24.10. &#8211; 26.10.2012<\/strong><\/li>\n<li>Hotel Patria, \u0160trbsk\u00e9 pleso, Vysok\u00e9 Tatry<\/li>\n<li>T\u00e9my konferencie:\n<ol>\n<li>Recodification of private law in the &#8222;Visegrad Four&#8220; countries<\/li>\n<li>Law-Business-Economy (interactions)<\/li>\n<li>Mergers of commercial companies<\/li>\n<\/ol>\n<\/li>\n<li>Conference proceedings &#8211; SUCHO\u017dA, J., HUS\u00c1R, J. (eds.): Pr\u00e1vo, obchod, ekonomika II. Ko\u0161ice: Univerzita P. J. \u0160af\u00e1rika v Ko\u0161iciach, 2012<\/li>\n<\/ul>\n<h4><strong>1.&nbsp;<\/strong><strong>International symposium LAW &#8211; COMMERCE &#8211; ECONOMICS&nbsp;<\/strong><strong>2011<\/strong><\/h4>\n<ul>\n<li><strong>26.10. \u2013 28.10. 2011<\/strong><\/li>\n<li>Hotel Patria, \u0160trbsk\u00e9 Pleso, Vysok\u00e9 Tatry<\/li>\n<li>T\u00e9my konferencie:\n<ol>\n<li>The contractual system of private law from the aspect of recodification tendencies<\/li>\n<li>The influence of public and private law institutes on the regulatory system of the economy<\/li>\n<li>International trade law \u2013 commercial arbitration<\/li>\n<\/ol>\n<\/li>\n<li>Conference proceedings \u2013 SUCHO\u017dA, J., HUS\u00c1R, J. (eds.): Pr\u00e1vo, obchod, ekonomika. Ko\u0161ice: Univerzita P. J. \u0160af\u00e1rika v Ko\u0161iciach, 2011, s.&nbsp; &nbsp;(<a href=\"https:\/\/unibook.upjs.sk\/img\/cms\/2024\/pravf\/pravo-obchod-ekonomika-xiii.pdf\">PDF<\/a><a href=\"https:\/\/poe.pravo.upjs.sk\/wp-content\/documents\/POE_2011_zbornik.pdf\">)<\/a><\/li>\n<\/ul>\n<p>[\/vc_column_text][\/vc_column][\/vc_row]<\/p>\n<\/div>","protected":false},"excerpt":{"rendered":"<p>[vc_row][vc_column][vc_column_text css=&#8220;&#8220;] 14. International symposium LAW &#8211; COMMERCE &#8211; ECONOMICS 2025 22.10. &#8211; 24.10. 2025 Hotel Patria, \u0160trbsk\u00e9 Pleso, Vysok\u00e9 Tatry Conference topics: The potential of arbitration for resolving commercial issues Reorganization of Enterpreneur The Influence of European Legislation on National Legal Frameworks in Civil, Commercial, and Business Law: Emerging Trends in Cybersecurity, Data Protection, &hellip; <\/p>\n","protected":false},"author":3,"featured_media":0,"parent":0,"menu_order":0,"comment_status":"closed","ping_status":"closed","template":"","meta":{"footnotes":""},"class_list":["post-1743","page","type-page","status-publish","hentry"],"_links":{"self":[{"href":"https:\/\/poe.pravo.upjs.sk\/index.php?rest_route=\/wp\/v2\/pages\/1743","targetHints":{"allow":["GET"]}}],"collection":[{"href":"https:\/\/poe.pravo.upjs.sk\/index.php?rest_route=\/wp\/v2\/pages"}],"about":[{"href":"https:\/\/poe.pravo.upjs.sk\/index.php?rest_route=\/wp\/v2\/types\/page"}],"author":[{"embeddable":true,"href":"https:\/\/poe.pravo.upjs.sk\/index.php?rest_route=\/wp\/v2\/users\/3"}],"replies":[{"embeddable":true,"href":"https:\/\/poe.pravo.upjs.sk\/index.php?rest_route=%2Fwp%2Fv2%2Fcomments&post=1743"}],"version-history":[{"count":3,"href":"https:\/\/poe.pravo.upjs.sk\/index.php?rest_route=\/wp\/v2\/pages\/1743\/revisions"}],"predecessor-version":[{"id":1748,"href":"https:\/\/poe.pravo.upjs.sk\/index.php?rest_route=\/wp\/v2\/pages\/1743\/revisions\/1748"}],"wp:attachment":[{"href":"https:\/\/poe.pravo.upjs.sk\/index.php?rest_route=%2Fwp%2Fv2%2Fmedia&parent=1743"}],"curies":[{"name":"wp","href":"https:\/\/api.w.org\/{rel}","templated":true}]}}