{"id":597,"date":"2017-04-26T11:35:18","date_gmt":"2017-04-26T11:35:18","guid":{"rendered":"https:\/\/poe.pravo.upjs.sk\/?page_id=597"},"modified":"2023-10-26T12:47:00","modified_gmt":"2023-10-26T10:47:00","slug":"organizacny-vybor","status":"publish","type":"page","link":"https:\/\/poe.pravo.upjs.sk\/?page_id=597","title":{"rendered":"Organiza\u010dn\u00fd v\u00fdbor"},"content":{"rendered":"<div class=\"wpb-content-wrapper\"><p>[vc_row][vc_column][vc_column_text]<strong>Organiza\u010dn\u00fd garant: \u00a0<\/strong>\u00a0 doc. JUDr. Diana Tre\u0161\u010d\u00e1kov\u00e1, PhD., UPJ\u0160 v Ko\u0161iciach, Pr\u00e1vnick\u00e1 fakulta<\/p>\n<p><strong>\u010clenovia: \u00a0 \u00a0<\/strong><\/p>\n<ul>\n<li>JUDr. Laura Bach\u0148\u00e1kov\u00e1 R\u00f3zenfeldov\u00e1, PhD., UPJ\u0160 v Ko\u0161iciach, Pr\u00e1vnick\u00e1 fakulta<\/li>\n<li>Mgr. Simona Rudohradsk\u00e1, PhD., UPJ\u0160 v Ko\u0161iciach, Pr\u00e1vnick\u00e1 fakulta<\/li>\n<li>JUDr. \u017dofia Mr\u00e1zov\u00e1 PhD., MCL, UPJ\u0160 v Ko\u0161iciach, Pr\u00e1vnick\u00e1 fakulta<\/li>\n<li>doc. JUDr. RNDr. Pavol Sokol, PhD., UPJ\u0160 v Ko\u0161iciach, Pr\u00edrodovedeck\u00e1 fakulta<\/li>\n<li>Ing. Aneta Gonosov\u00e1, UPJ\u0160 v Ko\u0161iciach, Pr\u00e1vnick\u00e1 fakulta<\/li>\n<\/ul>\n<p>[\/vc_column_text][\/vc_column][\/vc_row]<\/p>\n<\/div>","protected":false},"excerpt":{"rendered":"<p>[vc_row][vc_column][vc_column_text]Organiza\u010dn\u00fd garant: \u00a0\u00a0 doc. JUDr. Diana Tre\u0161\u010d\u00e1kov\u00e1, PhD., UPJ\u0160 v Ko\u0161iciach, Pr\u00e1vnick\u00e1 fakulta \u010clenovia: \u00a0 \u00a0 JUDr. Laura Bach\u0148\u00e1kov\u00e1 R\u00f3zenfeldov\u00e1, PhD., UPJ\u0160 v Ko\u0161iciach, Pr\u00e1vnick\u00e1 fakulta Mgr. Simona Rudohradsk\u00e1, PhD., UPJ\u0160 v Ko\u0161iciach, Pr\u00e1vnick\u00e1 fakulta JUDr. \u017dofia Mr\u00e1zov\u00e1 PhD., MCL, UPJ\u0160 v Ko\u0161iciach, Pr\u00e1vnick\u00e1 fakulta doc. JUDr. RNDr. Pavol Sokol, PhD., UPJ\u0160 v Ko\u0161iciach, Pr\u00edrodovedeck\u00e1 &hellip; <\/p>\n","protected":false},"author":1,"featured_media":0,"parent":0,"menu_order":0,"comment_status":"closed","ping_status":"closed","template":"","meta":{"footnotes":""},"class_list":["post-597","page","type-page","status-publish","hentry"],"_links":{"self":[{"href":"https:\/\/poe.pravo.upjs.sk\/index.php?rest_route=\/wp\/v2\/pages\/597","targetHints":{"allow":["GET"]}}],"collection":[{"href":"https:\/\/poe.pravo.upjs.sk\/index.php?rest_route=\/wp\/v2\/pages"}],"about":[{"href":"https:\/\/poe.pravo.upjs.sk\/index.php?rest_route=\/wp\/v2\/types\/page"}],"author":[{"embeddable":true,"href":"https:\/\/poe.pravo.upjs.sk\/index.php?rest_route=\/wp\/v2\/users\/1"}],"replies":[{"embeddable":true,"href":"https:\/\/poe.pravo.upjs.sk\/index.php?rest_route=%2Fwp%2Fv2%2Fcomments&post=597"}],"version-history":[{"count":13,"href":"https:\/\/poe.pravo.upjs.sk\/index.php?rest_route=\/wp\/v2\/pages\/597\/revisions"}],"predecessor-version":[{"id":1440,"href":"https:\/\/poe.pravo.upjs.sk\/index.php?rest_route=\/wp\/v2\/pages\/597\/revisions\/1440"}],"wp:attachment":[{"href":"https:\/\/poe.pravo.upjs.sk\/index.php?rest_route=%2Fwp%2Fv2%2Fmedia&parent=597"}],"curies":[{"name":"wp","href":"https:\/\/api.w.org\/{rel}","templated":true}]}}