{"id":619,"date":"2017-04-26T16:45:13","date_gmt":"2017-04-26T16:45:13","guid":{"rendered":"https:\/\/poe.pravo.upjs.sk\/?page_id=619"},"modified":"2025-03-27T14:29:36","modified_gmt":"2025-03-27T12:29:36","slug":"stravovanie","status":"publish","type":"page","link":"https:\/\/poe.pravo.upjs.sk\/?page_id=619","title":{"rendered":"Stravovanie"},"content":{"rendered":"<div class=\"wpb-content-wrapper\"><p>[vc_row][vc_column][vc_column_text]Stravovanie bude zabezpe\u010den\u00e9:<\/p>\n<ul>\n<li><strong>22. okt\u00f3bra 2025<\/strong>\u00a0&#8211; po\u010das prv\u00e9ho ve\u010dera symp\u00f3zia (raut)<\/li>\n<li><strong>23. okt\u00f3bra 2025<\/strong>\u00a0&#8211; po\u010das druh\u00e9ho d\u0148a symp\u00f3zia (obed a ve\u010dera)<\/li>\n<\/ul>\n<p>[\/vc_column_text][\/vc_column][\/vc_row][vc_row][vc_column][vc_btn title=&#8220;Inform\u00e1cie o gastron\u00f3mii v hoteli PATRIA&#8220; link=&#8220;url:https%3A%2F%2Fwww.hotelpatria.sk%2Fsk%2Fgastronomia&#8220;][\/vc_column][\/vc_row]<\/p>\n<\/div>","protected":false},"excerpt":{"rendered":"<p>[vc_row][vc_column][vc_column_text]Stravovanie bude zabezpe\u010den\u00e9: 22. okt\u00f3bra 2025\u00a0&#8211; po\u010das prv\u00e9ho ve\u010dera symp\u00f3zia (raut) 23. okt\u00f3bra 2025\u00a0&#8211; po\u010das druh\u00e9ho d\u0148a symp\u00f3zia (obed a ve\u010dera) [\/vc_column_text][\/vc_column][\/vc_row][vc_row][vc_column][vc_btn title=&#8220;Inform\u00e1cie o gastron\u00f3mii v hoteli PATRIA&#8220; link=&#8220;url:https%3A%2F%2Fwww.hotelpatria.sk%2Fsk%2Fgastronomia&#8220;][\/vc_column][\/vc_row]<\/p>\n","protected":false},"author":1,"featured_media":0,"parent":0,"menu_order":0,"comment_status":"closed","ping_status":"closed","template":"","meta":{"footnotes":""},"class_list":["post-619","page","type-page","status-publish","hentry"],"_links":{"self":[{"href":"https:\/\/poe.pravo.upjs.sk\/index.php?rest_route=\/wp\/v2\/pages\/619","targetHints":{"allow":["GET"]}}],"collection":[{"href":"https:\/\/poe.pravo.upjs.sk\/index.php?rest_route=\/wp\/v2\/pages"}],"about":[{"href":"https:\/\/poe.pravo.upjs.sk\/index.php?rest_route=\/wp\/v2\/types\/page"}],"author":[{"embeddable":true,"href":"https:\/\/poe.pravo.upjs.sk\/index.php?rest_route=\/wp\/v2\/users\/1"}],"replies":[{"embeddable":true,"href":"https:\/\/poe.pravo.upjs.sk\/index.php?rest_route=%2Fwp%2Fv2%2Fcomments&post=619"}],"version-history":[{"count":10,"href":"https:\/\/poe.pravo.upjs.sk\/index.php?rest_route=\/wp\/v2\/pages\/619\/revisions"}],"predecessor-version":[{"id":1581,"href":"https:\/\/poe.pravo.upjs.sk\/index.php?rest_route=\/wp\/v2\/pages\/619\/revisions\/1581"}],"wp:attachment":[{"href":"https:\/\/poe.pravo.upjs.sk\/index.php?rest_route=%2Fwp%2Fv2%2Fmedia&parent=619"}],"curies":[{"name":"wp","href":"https:\/\/api.w.org\/{rel}","templated":true}]}}