{"id":623,"date":"2017-04-26T16:48:16","date_gmt":"2017-04-26T16:48:16","guid":{"rendered":"https:\/\/poe.pravo.upjs.sk\/?page_id=623"},"modified":"2026-04-07T08:07:24","modified_gmt":"2026-04-07T06:07:24","slug":"zakladne-informacie","status":"publish","type":"page","link":"https:\/\/poe.pravo.upjs.sk\/?page_id=623","title":{"rendered":"Z\u00e1kladn\u00e9 inform\u00e1cie"},"content":{"rendered":"<div class=\"wpb-content-wrapper\"><p>[vc_row][vc_column][vc_column_text css=&#8220;&#8220;]Medzin\u00e1rodn\u00e9 symp\u00f3zium nadv\u00e4zuje na dlhodob\u00fa trad\u00edciu jesenn\u00fdch vedeck\u00fdch konferenci\u00ed konan\u00fdch vo Vysok\u00fdch tatr\u00e1ch pravidelne u\u017e od prvej polovice sedemdesiatych rokov minul\u00e9ho storo\u010dia.<\/p>\n<p>Vedeck\u00e9 symp\u00f3zium bude u\u017e tradi\u010dne organizovan\u00e9 v\u00a0spolupr\u00e1ci s\u00a0\u00dastavem st\u00e1tu a\u00a0pr\u00e1va Akademie v\u011bd \u010cR, v.v.i. a\u00a0\u00dastavom \u0161t\u00e1tu a\u00a0pr\u00e1va SAV.<\/p>\n<p>Symp\u00f3zium predstavuje spojenie te\u00f3rie a\u00a0aplika\u010dnej praxe, a\u00a0tak na symp\u00f3ziu sa stret\u00e1vaj\u00fa nielen predstavitelia akademickej obce, ale aj z\u00e1stupcovia jednotliv\u00fdch pr\u00e1vnych profesi\u00ed, z\u00e1stupcovia b\u00e1nk a\u00a0org\u00e1nov \u0161t\u00e1tnej a\u00a0verejnej spr\u00e1vy.<\/p>\n<p>Organiz\u00e1tori medzin\u00e1rodn\u00e9ho symp\u00f3zia sa ka\u017edoro\u010dne sna\u017eia programov\u00fdm zameran\u00edm reflektova\u0165 na z\u00e1sadn\u00e9 legislat\u00edvne zmeny ako v tuzemskej pr\u00e1vnej \u00faprave, tak i v medzin\u00e1rodnom a eur\u00f3pskom pr\u00e1vnom priestore. V ostatn\u00fdch mesiacoch rezonovali okrem in\u00fdch d\u00f4le\u017eit\u00fdch t\u00e9m, i ni\u017e\u0161ie uveden\u00e9 okruhy vedeck\u00fdch a legislat\u00edvnych probl\u00e9mov, ktor\u00fdm sa organiz\u00e1tori rozhodli venova\u0165 podrobn\u00fa pozornos\u0165:<\/p>\n<ol>\n<li><em>Potenci\u00e1l rozhodcovsk\u00e9ho konania pre rie\u0161enie obchodn\u00fdch sporov\u00a0\u00a0<\/em><\/li>\n<li><em>Reorganiz\u00e1cia podnikate\u013ea <\/em><\/li>\n<li><i data-olk-copy-source=\"MessageBody\">The Influence of European Legislation on National Legal Frameworks in Civil, Commercial, and Business Law: Emerging Trends in Cybersecurity, Data Protection, and Digitalisation (sekcia v\u00a0anglickom jazyku organizovan\u00e1 v r\u00e1mci rie\u0161enia projektu KCKB na UPJ\u0160 &#8211; k\u00f3d projektu 17R05 &#8211; 04 &#8211; V01 &#8211; 00007 podporen\u00e9ho Eur\u00f3pskou \u00faniou z prostriedkov Pl\u00e1nu obnovy a odolnosti SR).<\/i><\/li>\n<\/ol>\n<p style=\"text-align: left;\">Cie\u013eom symp\u00f3zia je prezent\u00e1cia origin\u00e1lnych n\u00e1zorov, \u00favah, poznatkov, ako aj vlastn\u00fdch v\u00fdsledkov vedecko-v\u00fdskumnej \u010dinnosti v s\u00favislosti s rie\u0161en\u00edm grantov\u00fdch projektov APVV-21-0336\u00a0Anal\u00fdza s\u00fadnych rozhodnut\u00ed met\u00f3dami umelej inteligencie,\u00a0 APVV-23-0331 Integr\u00e1cia \u00fanie kapit\u00e1lov\u00fdch trhov: zmena korpora\u010dn\u00e9ho financovania a z\u00e1chrana obchodn\u00fdch spolo\u010dnost\u00ed vo finan\u010dn\u00fdch \u0165a\u017ekostiach, APVV-24-0171\u00a0 Digit\u00e1lna rovnov\u00e1ha \u2013 moderovanie nez\u00e1konn\u00e9ho obsahu a rie\u0161enie sporov na digit\u00e1lnych platform\u00e1ch a VV-MVP-24-0038 Anal\u00fdza zodpovednosti za delikty p\u00e1chan\u00e9 na internete pomocou met\u00f3d strojov\u00e9ho u\u010denia.<\/p>\n<p>Cie\u013eom symp\u00f3zia je taktie\u017e vytvorenie mo\u017enosti pre \u0161ir\u0161iu diskusiu t\u00fdkaj\u00facu sa frekventovan\u00fdch ot\u00e1zok pr\u00e1vnej vedy a\u00a0praxe a\u00a0z\u00e1rove\u0148 vytvorenie priestoru pre neform\u00e1lne stretnutia a\u00a0diskusie.<\/p>\n<p><strong>Rokovacie jazyky konferencie:<\/strong> slovensk\u00fd, \u010desk\u00fd, anglick\u00fd[\/vc_column_text][\/vc_column][\/vc_row]<\/p>\n<\/div>","protected":false},"excerpt":{"rendered":"<p>[vc_row][vc_column][vc_column_text css=&#8220;&#8220;]Medzin\u00e1rodn\u00e9 symp\u00f3zium nadv\u00e4zuje na dlhodob\u00fa trad\u00edciu jesenn\u00fdch vedeck\u00fdch konferenci\u00ed konan\u00fdch vo Vysok\u00fdch tatr\u00e1ch pravidelne u\u017e od prvej polovice sedemdesiatych rokov minul\u00e9ho storo\u010dia. Vedeck\u00e9 symp\u00f3zium bude u\u017e tradi\u010dne organizovan\u00e9 v\u00a0spolupr\u00e1ci s\u00a0\u00dastavem st\u00e1tu a\u00a0pr\u00e1va Akademie v\u011bd \u010cR, v.v.i. a\u00a0\u00dastavom \u0161t\u00e1tu a\u00a0pr\u00e1va SAV. Symp\u00f3zium predstavuje spojenie te\u00f3rie a\u00a0aplika\u010dnej praxe, a\u00a0tak na symp\u00f3ziu sa stret\u00e1vaj\u00fa nielen predstavitelia akademickej &hellip; <\/p>\n","protected":false},"author":1,"featured_media":0,"parent":0,"menu_order":0,"comment_status":"closed","ping_status":"closed","template":"","meta":{"footnotes":""},"class_list":["post-623","page","type-page","status-publish","hentry"],"_links":{"self":[{"href":"https:\/\/poe.pravo.upjs.sk\/index.php?rest_route=\/wp\/v2\/pages\/623","targetHints":{"allow":["GET"]}}],"collection":[{"href":"https:\/\/poe.pravo.upjs.sk\/index.php?rest_route=\/wp\/v2\/pages"}],"about":[{"href":"https:\/\/poe.pravo.upjs.sk\/index.php?rest_route=\/wp\/v2\/types\/page"}],"author":[{"embeddable":true,"href":"https:\/\/poe.pravo.upjs.sk\/index.php?rest_route=\/wp\/v2\/users\/1"}],"replies":[{"embeddable":true,"href":"https:\/\/poe.pravo.upjs.sk\/index.php?rest_route=%2Fwp%2Fv2%2Fcomments&post=623"}],"version-history":[{"count":23,"href":"https:\/\/poe.pravo.upjs.sk\/index.php?rest_route=\/wp\/v2\/pages\/623\/revisions"}],"predecessor-version":[{"id":1730,"href":"https:\/\/poe.pravo.upjs.sk\/index.php?rest_route=\/wp\/v2\/pages\/623\/revisions\/1730"}],"wp:attachment":[{"href":"https:\/\/poe.pravo.upjs.sk\/index.php?rest_route=%2Fwp%2Fv2%2Fmedia&parent=623"}],"curies":[{"name":"wp","href":"https:\/\/api.w.org\/{rel}","templated":true}]}}