{"id":664,"date":"2017-04-29T15:11:47","date_gmt":"2017-04-29T13:11:47","guid":{"rendered":"https:\/\/poe.pravo.upjs.sk\/?page_id=664"},"modified":"2017-04-29T15:56:58","modified_gmt":"2017-04-29T13:56:58","slug":"registracia","status":"publish","type":"page","link":"https:\/\/poe.pravo.upjs.sk\/?page_id=664","title":{"rendered":"Registr\u00e1cia"},"content":{"rendered":"<div class=\"wpb-content-wrapper\"><p>[vc_row][vc_column][vc_column_text]<div class=\"frm_forms  with_frm_style frm_style_formidable-style\" id=\"frm_form_2_container\" >\n<form enctype=\"multipart\/form-data\" method=\"post\" class=\"frm-show-form \" id=\"form_w15z0\" >\n<div class=\"frm_form_fields \">\n<fieldset>\n<legend class=\"frm_hidden\">Registr\u00e1cia<\/legend>\r\n\r\n<div class=\"frm_fields_container\">\n<input type=\"hidden\" name=\"frm_action\" value=\"create\" \/>\n<input type=\"hidden\" name=\"form_id\" value=\"2\" \/>\n<input type=\"hidden\" name=\"frm_hide_fields_2\" id=\"frm_hide_fields_2\" value=\"\" \/>\n<input type=\"hidden\" name=\"form_key\" value=\"w15z0\" \/>\n<input type=\"hidden\" name=\"item_meta[0]\" value=\"\" \/>\n<input type=\"hidden\" id=\"frm_submit_entry_2\" name=\"frm_submit_entry_2\" value=\"27ff9bc006\" \/><input type=\"hidden\" name=\"_wp_http_referer\" value=\"\/index.php?rest_route=%2Fwp%2Fv2%2Fpages%2F664\" \/><div id=\"frm_field_10_container\" class=\"frm_form_field form-field  frm_top_container\">\r\n    <label for=\"field_gf7at\" class=\"frm_primary_label\">Oslovenie\r\n        <span class=\"frm_required\"><\/span>\r\n    <\/label>\r\n    \t\t<select name=\"item_meta[10]\" id=\"field_gf7at\"  data-frmval=\"-\" data-invmsg=\"Oslovenie is invalid\" aria-invalid=\"false\"  >\n\t\t<option  value=\"-\" selected='selected'>-<\/option><option  value=\"P\u00e1n\">P\u00e1n<\/option><option  value=\"Pani\">Pani<\/option><option  value=\"Sle\u010dna\">Sle\u010dna<\/option>\t<\/select>\n\t\r\n    \r\n    \r\n<\/div>\n<div id=\"frm_field_8_container\" class=\"frm_form_field form-field  frm_required_field frm_top_container\">\r\n    <label for=\"field_4schi\" class=\"frm_primary_label\">Meno\r\n        <span class=\"frm_required\">*<\/span>\r\n    <\/label>\r\n    <input type=\"text\" id=\"field_4schi\" name=\"item_meta[8]\" value=\"\"  data-reqmsg=\"Meno cannot be blank.\" aria-required=\"true\" data-invmsg=\"Meno is invalid\" aria-invalid=\"false\"  \/>\r\n    \r\n    \r\n<\/div>\n<div id=\"frm_field_11_container\" class=\"frm_form_field form-field  frm_required_field frm_top_container\">\r\n    <label for=\"field_4x6vm\" class=\"frm_primary_label\">Priezvisko\r\n        <span class=\"frm_required\">*<\/span>\r\n    <\/label>\r\n    <input type=\"text\" id=\"field_4x6vm\" name=\"item_meta[11]\" value=\"\"  data-reqmsg=\"Priezvisko cannot be blank.\" aria-required=\"true\" data-invmsg=\"Priezvisko is invalid\" aria-invalid=\"false\"  \/>\r\n    \r\n    \r\n<\/div>\n<div id=\"frm_field_12_container\" class=\"frm_form_field form-field  frm_required_field frm_top_container\">\r\n    <label for=\"field_ax57t\" class=\"frm_primary_label\">Tituly\r\n        <span class=\"frm_required\">*<\/span>\r\n    <\/label>\r\n    <input type=\"text\" id=\"field_ax57t\" name=\"item_meta[12]\" value=\"\"  data-reqmsg=\"Tituly cannot be blank.\" aria-required=\"true\" data-invmsg=\"Tituly is invalid\" aria-invalid=\"false\"  \/>\r\n    \r\n    \r\n<\/div>\n<div id=\"frm_field_13_container\" class=\"frm_form_field form-field  frm_required_field frm_top_container\">\r\n    <label for=\"field_lsk\" class=\"frm_primary_label\">In\u0161tit\u00facia\r\n        <span class=\"frm_required\">*<\/span>\r\n    <\/label>\r\n    <input type=\"text\" id=\"field_lsk\" name=\"item_meta[13]\" value=\"\"  data-reqmsg=\"In\u0161tit\u00facia cannot be blank.\" aria-required=\"true\" data-invmsg=\"In\u0161tit\u00facia is invalid\" aria-invalid=\"false\"  \/>\r\n    \r\n    \r\n<\/div>\n<div id=\"frm_field_14_container\" class=\"frm_form_field form-field  frm_required_field frm_top_container\">\r\n    <label for=\"field_qny1q\" class=\"frm_primary_label\">Adresa in\u0161tit\u00facie\r\n        <span class=\"frm_required\">*<\/span>\r\n    <\/label>\r\n    <input type=\"text\" id=\"field_qny1q\" name=\"item_meta[14]\" value=\"\"  data-reqmsg=\"Adresa in\u0161tit\u00facie cannot be blank.\" aria-required=\"true\" data-invmsg=\"Adresa in\u0161tit\u00facie is invalid\" aria-invalid=\"false\"  \/>\r\n    \r\n    \r\n<\/div>\n<div id=\"frm_field_16_container\" class=\"frm_form_field form-field  frm_required_field frm_top_container\">\r\n    <label for=\"field_l86dq\" class=\"frm_primary_label\">\u0160t\u00e1t\r\n        <span class=\"frm_required\">*<\/span>\r\n    <\/label>\r\n    <input type=\"text\" id=\"field_l86dq\" name=\"item_meta[16]\" value=\"\"  data-reqmsg=\"\u0160t\u00e1t cannot be blank.\" aria-required=\"true\" data-invmsg=\"Faktura\u010dn\u00e9 \u00fadaje is invalid\" aria-invalid=\"false\"  \/>\r\n    \r\n    \r\n<\/div>\n<div id=\"frm_field_9_container\" class=\"frm_form_field form-field  frm_required_field frm_top_container\">\r\n    <label for=\"field_moswa\" class=\"frm_primary_label\">Email\r\n        <span class=\"frm_required\">*<\/span>\r\n    <\/label>\r\n    <input type=\"email\" id=\"field_moswa\" name=\"item_meta[9]\" value=\"\"  data-reqmsg=\"Email cannot be blank.\" aria-required=\"true\" data-invmsg=\"Email is invalid\" aria-invalid=\"false\"  \/>\r\n    \r\n    \r\n<\/div>\n<div id=\"frm_field_28_container\" class=\"frm_form_field form-field  frm_required_field frm_top_container vertical_radio\">\r\n    <label for=\"field_qx76t\" class=\"frm_primary_label\">\u00da\u010das\u0165 na konferencii\r\n        <span class=\"frm_required\">*<\/span>\r\n    <\/label>\r\n    <div class=\"frm_opt_container\">\t\t<div class=\"frm_radio\" id=\"frm_radio_28-0\">\t\t\t<label  for=\"field_qx76t-0\">\n\t\t\t\t\t<input type=\"radio\" name=\"item_meta[28]\" id=\"field_qx76t-0\" value=\"\u00da\u010das\u0165 s pr\u00edspevkom\"\n\t\t data-reqmsg=\"\u00da\u010das\u0165 na konferencii cannot be blank.\" data-invmsg=\"\u00da\u010das\u0165 na konferencii is invalid\"   \/> \u00da\u010das\u0165 s pr\u00edspevkom<\/label><\/div>\n\t\t<div class=\"frm_radio\" id=\"frm_radio_28-1\">\t\t\t<label  for=\"field_qx76t-1\">\n\t\t\t\t\t<input type=\"radio\" name=\"item_meta[28]\" id=\"field_qx76t-1\" value=\"\u00da\u010das\u0165 bez pr\u00edspevku\"\n\t\t data-reqmsg=\"\u00da\u010das\u0165 na konferencii cannot be blank.\" data-invmsg=\"\u00da\u010das\u0165 na konferencii is invalid\"   \/> \u00da\u010das\u0165 bez pr\u00edspevku<\/label><\/div>\n<\/div>\r\n    \r\n    \r\n<\/div>\n<div id=\"frm_field_17_container\" class=\"frm_form_field form-field  frm_top_container\">\r\n    <label for=\"field_zwg2s\" class=\"frm_primary_label\">N\u00e1zov pr\u00edspevku\r\n        <span class=\"frm_required\"><\/span>\r\n    <\/label>\r\n    <input type=\"text\" id=\"field_zwg2s\" name=\"item_meta[17]\" value=\"\"  data-invmsg=\"N\u00e1zov pr\u00edspevku is invalid\" aria-invalid=\"false\"  \/>\r\n    \r\n    \r\n<\/div>\n<div id=\"frm_field_18_container\" class=\"frm_form_field form-field  frm_top_container\">\r\n    <label for=\"field_q1bqz\" class=\"frm_primary_label\">N\u00e1zov pr\u00edspevku v AJ\r\n        <span class=\"frm_required\"><\/span>\r\n    <\/label>\r\n    <input type=\"text\" id=\"field_q1bqz\" name=\"item_meta[18]\" value=\"\"  data-invmsg=\"N\u00e1zov pr\u00edspevku v AJ is invalid\" aria-invalid=\"false\"  \/>\r\n    \r\n    \r\n<\/div>\n<div id=\"frm_field_20_container\" class=\"frm_form_field form-field  frm_top_container\">\r\n    <label for=\"field_14f5i\" class=\"frm_primary_label\">Abstrakt\r\n        <span class=\"frm_required\"><\/span>\r\n    <\/label>\r\n    <textarea name=\"item_meta[20]\" id=\"field_14f5i\" rows=\"5\"  data-invmsg=\"Abstrakt is invalid\" aria-invalid=\"false\"  ><\/textarea>\r\n    \r\n    \r\n<\/div>\n<div id=\"frm_field_21_container\" class=\"frm_form_field form-field  frm_top_container\">\r\n    <label for=\"field_utout\" class=\"frm_primary_label\">Abstrakt v AJ\r\n        <span class=\"frm_required\"><\/span>\r\n    <\/label>\r\n    <textarea name=\"item_meta[21]\" id=\"field_utout\" rows=\"5\"  data-invmsg=\"Abstrakt v AJ is invalid\" aria-invalid=\"false\"  ><\/textarea>\r\n    \r\n    \r\n<\/div>\n<div id=\"frm_field_87_container\" class=\"frm_form_field form-field  frm_required_field frm_top_container\">\r\n    <label for=\"field_g1nuq\" class=\"frm_primary_label\">Faktura\u010dn\u00e9 \u00fadaje:\r\n        <span class=\"frm_required\">*<\/span>\r\n    <\/label>\r\n    \t\t<select name=\"item_meta[87]\" id=\"field_g1nuq\"  data-frmval=\"---\" data-reqmsg=\"Toto pole nem\u00f4\u017ee osta\u0165 pr\u00e1zdne.\" aria-required=\"true\" data-invmsg=\"Faktura\u010dn\u00e9 \u00fadaje: is invalid\" aria-invalid=\"false\"  >\n\t\t<option  value=\"---\" selected='selected'>---<\/option><option  value=\"Fyzick\u00e1 osoba\">Fyzick\u00e1 osoba<\/option><option  value=\"Fyzick\u00e1 osoba - podnikate\u013e\">Fyzick\u00e1 osoba - podnikate\u013e<\/option><option  value=\"Pr\u00e1vnick\u00e1 osoba\">Pr\u00e1vnick\u00e1 osoba<\/option>\t<\/select>\n\t\r\n    \r\n    \r\n<\/div>\n<div id=\"frm_field_88_container\" class=\"frm_form_field form-field  frm_required_field frm_top_container\">\r\n    <label for=\"field_fl5g6\" class=\"frm_primary_label\">Adresa\r\n        <span class=\"frm_required\">*<\/span>\r\n    <\/label>\r\n    <input type=\"text\" id=\"field_fl5g6\" name=\"item_meta[88]\" value=\"\"  data-reqmsg=\"Adresa cannot be blank.\" aria-required=\"true\" data-invmsg=\"Text is invalid\" aria-invalid=\"false\"  \/>\r\n    \r\n    \r\n<\/div>\n<div id=\"frm_field_91_container\" class=\"frm_form_field form-field  frm_required_field frm_top_container\">\r\n    <label for=\"field_dirjl\" class=\"frm_primary_label\">I\u010cO\r\n        <span class=\"frm_required\">*<\/span>\r\n    <\/label>\r\n    <input type=\"text\" id=\"field_dirjl\" name=\"item_meta[91]\" value=\"\"  data-reqmsg=\"I\u010cO cannot be blank.\" aria-required=\"true\" data-invmsg=\"Text is invalid\" aria-invalid=\"false\"  \/>\r\n    \r\n    \r\n<\/div>\n<div id=\"frm_field_93_container\" class=\"frm_form_field form-field  frm_required_field frm_top_container\">\r\n    <label for=\"field_pa73w\" class=\"frm_primary_label\">DI\u010c\r\n        <span class=\"frm_required\">*<\/span>\r\n    <\/label>\r\n    <input type=\"text\" id=\"field_pa73w\" name=\"item_meta[93]\" value=\"\"  data-reqmsg=\"DI\u010c cannot be blank.\" aria-required=\"true\" data-invmsg=\"Text is invalid\" aria-invalid=\"false\"  \/>\r\n    \r\n    \r\n<\/div>\n<div id=\"frm_field_92_container\" class=\"frm_form_field form-field  frm_required_field frm_top_container\">\r\n    <label for=\"field_px3jc\" class=\"frm_primary_label\">I\u010c DPH\r\n        <span class=\"frm_required\">*<\/span>\r\n    <\/label>\r\n    <input type=\"text\" id=\"field_px3jc\" name=\"item_meta[92]\" value=\"\"  data-reqmsg=\"I\u010c DPH cannot be blank.\" aria-required=\"true\" data-invmsg=\"Text is invalid\" aria-invalid=\"false\"  \/>\r\n    \r\n    \r\n<\/div>\n<div id=\"frm_field_124_container\" class=\"frm_form_field form-field  frm_none_container\">\r\n    <label for=\"g-recaptcha-response\" id=\"field_j81em_label\" class=\"frm_primary_label\">reCAPTCHA\r\n        <span class=\"frm_required\" aria-hidden=\"true\"><\/span>\r\n    <\/label>\r\n    <div  id=\"field_j81em\" class=\"g-recaptcha\" data-sitekey=\"6LdgnlcUAAAAAOlahPpdONgGavHpQiVUdU7Z5gqZ\" data-size=\"normal\" data-theme=\"light\"><\/div>\r\n    \r\n    \r\n<\/div>\n<div id=\"frm_field_127_container\" class=\"frm_form_field form-field \">\r\n\t<div class=\"frm_submit\">\r\n\r\n<button class=\"frm_button_submit\" type=\"submit\"  >Odosla\u0165<\/button>\r\n\r\n<\/div>\r\n<\/div>\n\t<input type=\"hidden\" name=\"item_key\" value=\"\" \/>\n\t\t\t<div id=\"frm_field_130_container\">\n\t\t\t<label for=\"field_xkk7x\" >\n\t\t\t\tIf you are human, leave this field blank.\t\t\t<\/label>\n\t\t\t<input  id=\"field_xkk7x\" type=\"text\" class=\"frm_form_field form-field frm_verify\" name=\"item_meta[130]\" value=\"\"  \/>\n\t\t<\/div>\n\t\t<input name=\"frm_state\" type=\"hidden\" value=\"6LoEdK4BP2T4bQrRiLC6D9o74AhvsmVwznn9KJX93fk=\" \/><\/div>\n<\/fieldset>\n<\/div>\n\n<\/form>\n<\/div>\n[\/vc_column_text][\/vc_column][\/vc_row]<\/p>\n<\/div>","protected":false},"excerpt":{"rendered":"<p>[vc_row][vc_column][vc_column_text][\/vc_column_text][\/vc_column][\/vc_row]<\/p>\n","protected":false},"author":1,"featured_media":0,"parent":0,"menu_order":0,"comment_status":"open","ping_status":"closed","template":"","meta":{"footnotes":""},"class_list":["post-664","page","type-page","status-publish","hentry"],"_links":{"self":[{"href":"https:\/\/poe.pravo.upjs.sk\/index.php?rest_route=\/wp\/v2\/pages\/664","targetHints":{"allow":["GET"]}}],"collection":[{"href":"https:\/\/poe.pravo.upjs.sk\/index.php?rest_route=\/wp\/v2\/pages"}],"about":[{"href":"https:\/\/poe.pravo.upjs.sk\/index.php?rest_route=\/wp\/v2\/types\/page"}],"author":[{"embeddable":true,"href":"https:\/\/poe.pravo.upjs.sk\/index.php?rest_route=\/wp\/v2\/users\/1"}],"replies":[{"embeddable":true,"href":"https:\/\/poe.pravo.upjs.sk\/index.php?rest_route=%2Fwp%2Fv2%2Fcomments&post=664"}],"version-history":[{"count":6,"href":"https:\/\/poe.pravo.upjs.sk\/index.php?rest_route=\/wp\/v2\/pages\/664\/revisions"}],"predecessor-version":[{"id":675,"href":"https:\/\/poe.pravo.upjs.sk\/index.php?rest_route=\/wp\/v2\/pages\/664\/revisions\/675"}],"wp:attachment":[{"href":"https:\/\/poe.pravo.upjs.sk\/index.php?rest_route=%2Fwp%2Fv2%2Fmedia&parent=664"}],"curies":[{"name":"wp","href":"https:\/\/api.w.org\/{rel}","templated":true}]}}