{"id":791,"date":"2018-04-21T19:18:09","date_gmt":"2018-04-21T17:18:09","guid":{"rendered":"https:\/\/poe.pravo.upjs.sk\/?page_id=791"},"modified":"2026-04-22T14:46:15","modified_gmt":"2026-04-22T12:46:15","slug":"domov2-2","status":"publish","type":"page","link":"https:\/\/poe.pravo.upjs.sk\/","title":{"rendered":"Domov"},"content":{"rendered":"<div class=\"wpb-content-wrapper\"><p>[vc_row][vc_column][vc_column_text css=&#8220;&#8220;]Organiz\u00e1tori medzin\u00e1rodn\u00e9ho symp\u00f3zia sa ka\u017edoro\u010dne sna\u017eia programov\u00fdm zameran\u00edm reflektova\u0165 na z\u00e1sadn\u00e9 legislat\u00edvne zmeny ako v tuzemskej pr\u00e1vnej \u00faprave, tak i v medzin\u00e1rodnom a eur\u00f3pskom pr\u00e1vnom priestore. V ostatn\u00fdch mesiacoch rezonovali okrem in\u00fdch d\u00f4le\u017eit\u00fdch t\u00e9m, i ni\u017e\u0161ie uveden\u00e9 okruhy vedeck\u00fdch a legislat\u00edvnych probl\u00e9mov, ktor\u00fdm sa organiz\u00e1tori rozhodli venova\u0165 podrobn\u00fa pozornos\u0165:<\/p>\n<ol>\n<li><em>Rozhodcovsk\u00e9 konanie ako efekt\u00edvny n\u00e1stroj rie\u0161enia obchodn\u00fdch sporov<\/em><\/li>\n<li><em>Obchodn\u00e9 pr\u00e1vo po prijat\u00ed nov\u00e9ho Ob\u010dianskeho z\u00e1konn\u00edka na Slovensku<\/em><\/li>\n<li><em>Nov\u00e1 legislat\u00edva v insolven\u010dnom pr\u00e1ve a jej dopad na prax<\/em><\/li>\n<li><em>Vplyv digit\u00e1lnej regul\u00e1cie (DSA, Akt o umelej inteligencii a s\u00favisiace \u00fapravy) na podnikate\u013esk\u00e9 prostredie<\/em><\/li>\n<\/ol>\n<p><span data-ccp-props=\"{&quot;201341983&quot;:0,&quot;335559739&quot;:0,&quot;335559740&quot;:240}\">\u00a0<\/span>[\/vc_column_text][\/vc_column][\/vc_row][vc_row][vc_column][vc_message css=&#8220;&#8220;]Cie\u013eom symp\u00f3zia je prezent\u00e1cia origin\u00e1lnych n\u00e1zorov, \u00favah, poznatkov, ako aj vlastn\u00fdch v\u00fdsledkov vedecko-v\u00fdskumnej \u010dinnosti v s\u00favislosti s rie\u0161en\u00edm grantov\u00fdch projektov <em>APVV-21-0336<\/em> <em>Anal\u00fdza s\u00fadnych rozhodnut\u00ed met\u00f3dami umelej inteligencie,\u00a0 APVV-23-0331 Integr\u00e1cia \u00fanie kapit\u00e1lov\u00fdch trhov: zmena korpora\u010dn\u00e9ho financovania a z\u00e1chrana obchodn\u00fdch spolo\u010dnost\u00ed vo finan\u010dn\u00fdch \u0165a\u017ekostiach, <\/em><em>APVV-24-0171\u00a0 Digit\u00e1lna rovnov\u00e1ha \u2013 moderovanie nez\u00e1konn\u00e9ho obsahu a rie\u0161enie sporov na digit\u00e1lnych platform\u00e1ch <i>a VV-MVP-24-0038 Anal\u00fdza zodpovednosti za delikty p\u00e1chan\u00e9 na internete pomocou met\u00f3d strojov\u00e9ho u\u010denia.<\/i><\/em>[\/vc_message][\/vc_column][\/vc_row]<\/p>\n<\/div>","protected":false},"excerpt":{"rendered":"<p>[vc_row][vc_column][vc_column_text css=&#8220;&#8220;]Organiz\u00e1tori medzin\u00e1rodn\u00e9ho symp\u00f3zia sa ka\u017edoro\u010dne sna\u017eia programov\u00fdm zameran\u00edm reflektova\u0165 na z\u00e1sadn\u00e9 legislat\u00edvne zmeny ako v tuzemskej pr\u00e1vnej \u00faprave, tak i v medzin\u00e1rodnom a eur\u00f3pskom pr\u00e1vnom priestore. V ostatn\u00fdch mesiacoch rezonovali okrem in\u00fdch d\u00f4le\u017eit\u00fdch t\u00e9m, i ni\u017e\u0161ie uveden\u00e9 okruhy vedeck\u00fdch a legislat\u00edvnych probl\u00e9mov, ktor\u00fdm sa organiz\u00e1tori rozhodli venova\u0165 podrobn\u00fa pozornos\u0165: Rozhodcovsk\u00e9 konanie ako efekt\u00edvny n\u00e1stroj &hellip; <\/p>\n","protected":false},"author":1,"featured_media":0,"parent":0,"menu_order":0,"comment_status":"closed","ping_status":"closed","template":"","meta":{"footnotes":""},"class_list":["post-791","page","type-page","status-publish","hentry"],"_links":{"self":[{"href":"https:\/\/poe.pravo.upjs.sk\/index.php?rest_route=\/wp\/v2\/pages\/791","targetHints":{"allow":["GET"]}}],"collection":[{"href":"https:\/\/poe.pravo.upjs.sk\/index.php?rest_route=\/wp\/v2\/pages"}],"about":[{"href":"https:\/\/poe.pravo.upjs.sk\/index.php?rest_route=\/wp\/v2\/types\/page"}],"author":[{"embeddable":true,"href":"https:\/\/poe.pravo.upjs.sk\/index.php?rest_route=\/wp\/v2\/users\/1"}],"replies":[{"embeddable":true,"href":"https:\/\/poe.pravo.upjs.sk\/index.php?rest_route=%2Fwp%2Fv2%2Fcomments&post=791"}],"version-history":[{"count":40,"href":"https:\/\/poe.pravo.upjs.sk\/index.php?rest_route=\/wp\/v2\/pages\/791\/revisions"}],"predecessor-version":[{"id":1752,"href":"https:\/\/poe.pravo.upjs.sk\/index.php?rest_route=\/wp\/v2\/pages\/791\/revisions\/1752"}],"wp:attachment":[{"href":"https:\/\/poe.pravo.upjs.sk\/index.php?rest_route=%2Fwp%2Fv2%2Fmedia&parent=791"}],"curies":[{"name":"wp","href":"https:\/\/api.w.org\/{rel}","templated":true}]}}