{"id":820,"date":"2018-05-02T17:56:45","date_gmt":"2018-05-02T15:56:45","guid":{"rendered":"https:\/\/poe.pravo.upjs.sk\/?page_id=820"},"modified":"2025-10-15T14:07:33","modified_gmt":"2025-10-15T12:07:33","slug":"international-scientific-commitee","status":"publish","type":"page","link":"https:\/\/poe.pravo.upjs.sk\/?page_id=820&lang=en","title":{"rendered":"International Scientific Commitee"},"content":{"rendered":"<div class=\"wpb-content-wrapper\"><p>[vc_row][vc_column][vc_column_text css=&#8220;&#8220;]<strong>Chairman of the Committee: <\/strong>prof. JUDr. J\u00e1n Hus\u00e1r, CSc., Pavol Jozef \u0160af\u00e1rik University in Ko\u0161ice, Faculty of Law<\/p>\n<p><strong>Members<\/strong>:<\/p>\n<ul>\n<li>prof. JUDr. Gabriela Dobrovi\u010dov\u00e1, CSc., Pavol Jozef \u0160af\u00e1rik University in Ko\u0161ice, Faculty of Law<\/li>\n<li>prof. JUDr. O\u013ega Ove\u010dkov\u00e1, DrSc., Slovak Academy of Sciences, Bratislava<\/li>\n<li>prof. JUDr. Miroslav \u0160trkolec, PhD., Pavol Jozef \u0160af\u00e1rik University in Ko\u0161ice, Faculty of Law<\/li>\n<li>doc. JUDr. Jozef Voz\u00e1r, CSc., Slovak Academy of Sciences, Bratislava<\/li>\n<li>JUDr. J\u00e1n Matejka, PhD., Czech Academy of Sciences, Praha<\/li>\n<li>doc. JUDr. Regina Hu\u010dkov\u00e1, PhD., Pavol Jozef \u0160af\u00e1rik University in Ko\u0161ice, Faculty of Law<\/li>\n<li>doc. JUDr. Ing. Jaroslav Doln\u00fd, PhD., Pavol Jozef \u0160af\u00e1rik University in Ko\u0161ice, Faculty of Law<\/li>\n<li>Prof. Dr hab. Piotr Pinior, University of Silesia in Katowice, Faculty of Law and Administration<\/li>\n<li>Dr hab. Mariusz Fras, prof. US, University of Silesia in Katowice, Faculty of Law and Administration<\/li>\n<li>Dr hab. Monika Szaraniec, prof. UEK, Krakow University of Economics, Faculty of Law<\/li>\n<li>JUDr. Lenka Vostr\u00e1, Ph.D., Czech Academy of Sciences, Praha<\/li>\n<\/ul>\n<p>[\/vc_column_text][\/vc_column][\/vc_row]<\/p>\n<\/div>","protected":false},"excerpt":{"rendered":"<p>[vc_row][vc_column][vc_column_text css=&#8220;&#8220;]Chairman of the Committee: prof. JUDr. J\u00e1n Hus\u00e1r, CSc., Pavol Jozef \u0160af\u00e1rik University in Ko\u0161ice, Faculty of Law Members: prof. JUDr. Gabriela Dobrovi\u010dov\u00e1, CSc., Pavol Jozef \u0160af\u00e1rik University in Ko\u0161ice, Faculty of Law prof. JUDr. O\u013ega Ove\u010dkov\u00e1, DrSc., Slovak Academy of Sciences, Bratislava prof. JUDr. Miroslav \u0160trkolec, PhD., Pavol Jozef \u0160af\u00e1rik University in Ko\u0161ice, &hellip; <\/p>\n","protected":false},"author":1,"featured_media":0,"parent":0,"menu_order":0,"comment_status":"closed","ping_status":"closed","template":"","meta":{"footnotes":""},"class_list":["post-820","page","type-page","status-publish","hentry"],"_links":{"self":[{"href":"https:\/\/poe.pravo.upjs.sk\/index.php?rest_route=\/wp\/v2\/pages\/820","targetHints":{"allow":["GET"]}}],"collection":[{"href":"https:\/\/poe.pravo.upjs.sk\/index.php?rest_route=\/wp\/v2\/pages"}],"about":[{"href":"https:\/\/poe.pravo.upjs.sk\/index.php?rest_route=\/wp\/v2\/types\/page"}],"author":[{"embeddable":true,"href":"https:\/\/poe.pravo.upjs.sk\/index.php?rest_route=\/wp\/v2\/users\/1"}],"replies":[{"embeddable":true,"href":"https:\/\/poe.pravo.upjs.sk\/index.php?rest_route=%2Fwp%2Fv2%2Fcomments&post=820"}],"version-history":[{"count":18,"href":"https:\/\/poe.pravo.upjs.sk\/index.php?rest_route=\/wp\/v2\/pages\/820\/revisions"}],"predecessor-version":[{"id":1682,"href":"https:\/\/poe.pravo.upjs.sk\/index.php?rest_route=\/wp\/v2\/pages\/820\/revisions\/1682"}],"wp:attachment":[{"href":"https:\/\/poe.pravo.upjs.sk\/index.php?rest_route=%2Fwp%2Fv2%2Fmedia&parent=820"}],"curies":[{"name":"wp","href":"https:\/\/api.w.org\/{rel}","templated":true}]}}