{"id":911,"date":"2018-05-05T18:57:31","date_gmt":"2018-05-05T16:57:31","guid":{"rendered":"https:\/\/poe.pravo.upjs.sk\/?page_id=911"},"modified":"2026-04-07T08:13:00","modified_gmt":"2026-04-07T06:13:00","slug":"conference-fees","status":"publish","type":"page","link":"https:\/\/poe.pravo.upjs.sk\/?page_id=911&lang=en","title":{"rendered":"Conference fees"},"content":{"rendered":"<div class=\"wpb-content-wrapper\"><p>[vc_row][vc_column][vc_column_text css=&#8220;&#8220;]Please choose from the following fees according to your participation in the conference.<\/p>\n<p><strong>Active participation &#8211; 200 \u20ac<\/strong><\/p>\n<ul>\n<li>working materials,<\/li>\n<li>proceedings,<\/li>\n<li>refreshments,<\/li>\n<li>raut 14.10. 2026,<\/li>\n<li>lunch and dinner 15.10. 2026.<\/li>\n<\/ul>\n<p><strong>Passive participation &#8211; 150 \u20ac<\/strong><\/p>\n<ul>\n<li>working materials,<\/li>\n<li>refreshments,<\/li>\n<li>raut 14.10. 2026,<\/li>\n<li>lunch and dinner 15.10. 2026.<\/li>\n<\/ul>\n<p><strong>Accompanying person &#8211; 120 \u20ac<\/strong><\/p>\n<ul>\n<li>raut 14.10. 2026,<\/li>\n<li>lunch and dinner 15.10. 2026.<\/li>\n<\/ul>\n<p>[\/vc_column_text][\/vc_column][\/vc_row][vc_row][vc_column][vc_message message_box_style=&#8220;outline&#8220; message_box_color=&#8220;warning&#8220; icon_fontawesome=&#8220;fa fa-exclamation-circle&#8220;]<\/p>\n<ul>\n<li>Write your name to the message for the recipient.<\/li>\n<li>In case of no attendance at the symposium, the conference fee will not be refunded.<\/li>\n<li>Invoices will be issued to all symposium participants only after the conference fee has been paid.<\/li>\n<li>Participants will receive invoices directly at the symposium, resp. the invoices will be sent after the symposium.<\/li>\n<\/ul>\n<p>[\/vc_message][vc_message color=&#8220;info&#8220; message_box_style=&#8220;solid&#8220; css=&#8220;&#8220;]<strong>Deadline for conference fee payment:<\/strong>\u00a0 at the latest 02.10. 2026.<br \/>\n<strong>Recipient name:<\/strong> Univerzita P. J. \u0160af\u00e1rika, Pr\u00e1vnick\u00e1 fakulta, Kov\u00e1\u010dska 26, 040 75 Ko\u0161ice, Slovensko<br \/>\n<strong>Bank:<\/strong> \u0160t\u00e1tna pokladnica, Radlinsk\u00e9ho 32, 810 05 Bratislava 15, Slovensko<br \/>\n<strong>IBAN:<\/strong>\u00a0SK69 8180 0000 0070 0007 8432,\u00a0<strong>Variable symbol:<\/strong>\u00a01601,<strong>\u00a0Constant symbol:<\/strong>\u00a00308<br \/>\n<strong>SWIFT<\/strong>: SPSRSKBA[\/vc_message][\/vc_column][\/vc_row]<\/p>\n<\/div>","protected":false},"excerpt":{"rendered":"<p>[vc_row][vc_column][vc_column_text css=&#8220;&#8220;]Please choose from the following fees according to your participation in the conference. Active participation &#8211; 200 \u20ac working materials, proceedings, refreshments, raut 14.10. 2026, lunch and dinner 15.10. 2026. Passive participation &#8211; 150 \u20ac working materials, refreshments, raut 14.10. 2026, lunch and dinner 15.10. 2026. Accompanying person &#8211; 120 \u20ac raut 14.10. 2026, &hellip; <\/p>\n","protected":false},"author":1,"featured_media":0,"parent":0,"menu_order":0,"comment_status":"closed","ping_status":"closed","template":"","meta":{"footnotes":""},"class_list":["post-911","page","type-page","status-publish","hentry"],"_links":{"self":[{"href":"https:\/\/poe.pravo.upjs.sk\/index.php?rest_route=\/wp\/v2\/pages\/911","targetHints":{"allow":["GET"]}}],"collection":[{"href":"https:\/\/poe.pravo.upjs.sk\/index.php?rest_route=\/wp\/v2\/pages"}],"about":[{"href":"https:\/\/poe.pravo.upjs.sk\/index.php?rest_route=\/wp\/v2\/types\/page"}],"author":[{"embeddable":true,"href":"https:\/\/poe.pravo.upjs.sk\/index.php?rest_route=\/wp\/v2\/users\/1"}],"replies":[{"embeddable":true,"href":"https:\/\/poe.pravo.upjs.sk\/index.php?rest_route=%2Fwp%2Fv2%2Fcomments&post=911"}],"version-history":[{"count":21,"href":"https:\/\/poe.pravo.upjs.sk\/index.php?rest_route=\/wp\/v2\/pages\/911\/revisions"}],"predecessor-version":[{"id":1733,"href":"https:\/\/poe.pravo.upjs.sk\/index.php?rest_route=\/wp\/v2\/pages\/911\/revisions\/1733"}],"wp:attachment":[{"href":"https:\/\/poe.pravo.upjs.sk\/index.php?rest_route=%2Fwp%2Fv2%2Fmedia&parent=911"}],"curies":[{"name":"wp","href":"https:\/\/api.w.org\/{rel}","templated":true}]}}